{"id":2490,"date":"2016-12-01T11:27:38","date_gmt":"2016-12-01T10:27:38","guid":{"rendered":"https:\/\/www.lepassioni.it\/prodotto\/huile-biologique-le-passioni\/"},"modified":"2021-07-06T14:30:12","modified_gmt":"2021-07-06T12:30:12","slug":"huile-biologique-le-passioni","status":"publish","type":"product","link":"https:\/\/www.lepassioni.it\/fr\/produit\/huile-biologique-le-passioni\/","title":{"rendered":"Huile d\u2019olive extra vierge \u00ab\u00a0Le Passioni\u00a0\u00bb (250 ml)"},"content":{"rendered":"<p>Cette bouteille ne contient que l&rsquo;huile obtenue d&rsquo;olives r\u00e9colt\u00e9es dans l&rsquo;oliveraie situ\u00e9e dans un lieu appel\u00e9 \u00ab les passions \u00bb, ou plut\u00f4t \u00ab la passion \u00bb dans le dialecte v\u00e9nitien. De ce nom, il y a des traces du registre foncier autrichien.<br \/>\n\u00ab\u00a0Le Passioni\u00a0\u00bb a \u00e9t\u00e9 la premi\u00e8re oliveraie qui a commenc\u00e9 notre r\u00eave.<br \/>\nNotre Maison est partag\u00e9e en quatre oliviers, chacun avec le nom original de la lieu o\u00f9 il se trouve, avec une composition diff\u00e9rente des cultivars.<\/p>\n<p><strong>Exposition:<\/strong>sud-ouest<strong>Extraction:<\/strong>\u00e0 froid avec d\u00e9canteur \u00e0 deux phases<\/p>\n<table>\n<tbody>\n<tr>\n<td><strong>Implantation:<\/strong><\/td>\n<td>mars 2005<\/td>\n<\/tr>\n<tr>\n<td><strong>Cultivar:<\/strong><\/td>\n<td>33% Frantoio, 36% Leccino e 31% Grignano<\/td>\n<\/tr>\n<tr>\n<td><strong>Cueillette et gaulage:<\/strong><\/td>\n<td>\u00e0 la main<\/td>\n<\/tr>\n<tr>\n<td><strong>Mouture:<\/strong><\/td>\n<td>dans les 4 heures suivant la cueillette<\/td>\n<\/tr>\n<\/tbody>\n<\/table>\n","protected":false},"excerpt":{"rendered":"<p>Cette bouteille ne contient que l&rsquo;huile obtenue d&rsquo;olives r\u00e9colt\u00e9es dans l&rsquo;oliveraie situ\u00e9e dans un lieu appel\u00e9 \u00ab les passions \u00bb, [&hellip;]<\/p>\n","protected":false},"featured_media":4990,"comment_status":"open","ping_status":"closed","template":"","meta":[],"product_cat":[46],"product_tag":[],"class_list":{"0":"post-2490","1":"product","2":"type-product","3":"status-publish","4":"has-post-thumbnail","6":"product_cat-huile","8":"first","9":"instock","10":"taxable","11":"shipping-taxable","12":"purchasable","13":"product-type-simple"},"yoast_head":"<!-- This site is optimized with the Yoast SEO plugin v24.0 - https:\/\/yoast.com\/wordpress\/plugins\/seo\/ -->\n<title>Huile d\u2019olive extra vierge &quot;Le Passioni&quot; (250 ml) - Olio biologico, Vendita Olio biologico, E-commerce Olio Biologico - Le Passioni<\/title>\n<meta name=\"robots\" content=\"index, follow, max-snippet:-1, max-image-preview:large, max-video-preview:-1\" \/>\n<link rel=\"canonical\" href=\"https:\/\/www.lepassioni.it\/fr\/produit\/huile-biologique-le-passioni\/\" \/>\n<meta property=\"og:locale\" content=\"fr_FR\" \/>\n<meta property=\"og:type\" content=\"article\" \/>\n<meta property=\"og:title\" content=\"Huile d\u2019olive extra vierge &quot;Le Passioni&quot; (250 ml) - Olio biologico, Vendita Olio biologico, E-commerce Olio Biologico - Le Passioni\" \/>\n<meta property=\"og:description\" content=\"Cette bouteille ne contient que l&rsquo;huile obtenue d&rsquo;olives r\u00e9colt\u00e9es dans l&rsquo;oliveraie situ\u00e9e dans un lieu appel\u00e9 \u00ab les passions \u00bb, [&hellip;]\" \/>\n<meta property=\"og:url\" content=\"https:\/\/www.lepassioni.it\/fr\/produit\/huile-biologique-le-passioni\/\" \/>\n<meta property=\"og:site_name\" content=\"Olio biologico, Vendita Olio biologico, E-commerce Olio Biologico - Le Passioni\" \/>\n<meta property=\"article:modified_time\" content=\"2021-07-06T12:30:12+00:00\" \/>\n<meta property=\"og:image\" content=\"https:\/\/www.lepassioni.it\/wp-content\/uploads\/2016\/12\/oil250_passioni.jpg\" \/>\n\t<meta property=\"og:image:width\" content=\"640\" \/>\n\t<meta property=\"og:image:height\" content=\"640\" \/>\n\t<meta property=\"og:image:type\" content=\"image\/jpeg\" \/>\n<meta name=\"twitter:card\" content=\"summary_large_image\" \/>\n<meta name=\"twitter:label1\" content=\"Dur\u00e9e de lecture estim\u00e9e\" \/>\n\t<meta name=\"twitter:data1\" content=\"1 minute\" \/>\n<script type=\"application\/ld+json\" class=\"yoast-schema-graph\">{\"@context\":\"https:\/\/schema.org\",\"@graph\":[{\"@type\":\"WebPage\",\"@id\":\"https:\/\/www.lepassioni.it\/fr\/produit\/huile-biologique-le-passioni\/\",\"url\":\"https:\/\/www.lepassioni.it\/fr\/produit\/huile-biologique-le-passioni\/\",\"name\":\"Huile d\u2019olive extra vierge \\\"Le Passioni\\\" (250 ml) - Olio biologico, Vendita Olio biologico, E-commerce Olio Biologico - Le Passioni\",\"isPartOf\":{\"@id\":\"https:\/\/www.lepassioni.it\/#website\"},\"primaryImageOfPage\":{\"@id\":\"https:\/\/www.lepassioni.it\/fr\/produit\/huile-biologique-le-passioni\/#primaryimage\"},\"image\":{\"@id\":\"https:\/\/www.lepassioni.it\/fr\/produit\/huile-biologique-le-passioni\/#primaryimage\"},\"thumbnailUrl\":\"https:\/\/www.lepassioni.it\/wp-content\/uploads\/2016\/12\/PhotoRoom_20231122_092835-1.jpg\",\"datePublished\":\"2016-12-01T10:27:38+00:00\",\"dateModified\":\"2021-07-06T12:30:12+00:00\",\"breadcrumb\":{\"@id\":\"https:\/\/www.lepassioni.it\/fr\/produit\/huile-biologique-le-passioni\/#breadcrumb\"},\"inLanguage\":\"fr-FR\",\"potentialAction\":[{\"@type\":\"ReadAction\",\"target\":[\"https:\/\/www.lepassioni.it\/fr\/produit\/huile-biologique-le-passioni\/\"]}]},{\"@type\":\"ImageObject\",\"inLanguage\":\"fr-FR\",\"@id\":\"https:\/\/www.lepassioni.it\/fr\/produit\/huile-biologique-le-passioni\/#primaryimage\",\"url\":\"https:\/\/www.lepassioni.it\/wp-content\/uploads\/2016\/12\/PhotoRoom_20231122_092835-1.jpg\",\"contentUrl\":\"https:\/\/www.lepassioni.it\/wp-content\/uploads\/2016\/12\/PhotoRoom_20231122_092835-1.jpg\",\"width\":1078,\"height\":1078},{\"@type\":\"BreadcrumbList\",\"@id\":\"https:\/\/www.lepassioni.it\/fr\/produit\/huile-biologique-le-passioni\/#breadcrumb\",\"itemListElement\":[{\"@type\":\"ListItem\",\"position\":1,\"name\":\"Home\",\"item\":\"https:\/\/www.lepassioni.it\/fr\/\"},{\"@type\":\"ListItem\",\"position\":2,\"name\":\"Prodotti\",\"item\":\"https:\/\/www.lepassioni.it\/shop\/\"},{\"@type\":\"ListItem\",\"position\":3,\"name\":\"Huile d\u2019olive extra vierge \u00ab\u00a0Le Passioni\u00a0\u00bb (250 ml)\"}]},{\"@type\":\"WebSite\",\"@id\":\"https:\/\/www.lepassioni.it\/#website\",\"url\":\"https:\/\/www.lepassioni.it\/\",\"name\":\"Olio biologico, Vendita Olio biologico, E-commerce Olio Biologico - Le Passioni\",\"description\":\"\",\"potentialAction\":[{\"@type\":\"SearchAction\",\"target\":{\"@type\":\"EntryPoint\",\"urlTemplate\":\"https:\/\/www.lepassioni.it\/?s={search_term_string}\"},\"query-input\":{\"@type\":\"PropertyValueSpecification\",\"valueRequired\":true,\"valueName\":\"search_term_string\"}}],\"inLanguage\":\"fr-FR\"}]}<\/script>\n<!-- \/ Yoast SEO plugin. -->","yoast_head_json":{"title":"Huile d\u2019olive extra vierge \"Le Passioni\" (250 ml) - Olio biologico, Vendita Olio biologico, E-commerce Olio Biologico - Le Passioni","robots":{"index":"index","follow":"follow","max-snippet":"max-snippet:-1","max-image-preview":"max-image-preview:large","max-video-preview":"max-video-preview:-1"},"canonical":"https:\/\/www.lepassioni.it\/fr\/produit\/huile-biologique-le-passioni\/","og_locale":"fr_FR","og_type":"article","og_title":"Huile d\u2019olive extra vierge \"Le Passioni\" (250 ml) - Olio biologico, Vendita Olio biologico, E-commerce Olio Biologico - Le Passioni","og_description":"Cette bouteille ne contient que l&rsquo;huile obtenue d&rsquo;olives r\u00e9colt\u00e9es dans l&rsquo;oliveraie situ\u00e9e dans un lieu appel\u00e9 \u00ab les passions \u00bb, [&hellip;]","og_url":"https:\/\/www.lepassioni.it\/fr\/produit\/huile-biologique-le-passioni\/","og_site_name":"Olio biologico, Vendita Olio biologico, E-commerce Olio Biologico - Le Passioni","article_modified_time":"2021-07-06T12:30:12+00:00","og_image":[{"width":640,"height":640,"url":"https:\/\/www.lepassioni.it\/wp-content\/uploads\/2016\/12\/oil250_passioni.jpg","type":"image\/jpeg"}],"twitter_card":"summary_large_image","twitter_misc":{"Dur\u00e9e de lecture estim\u00e9e":"1 minute"},"schema":{"@context":"https:\/\/schema.org","@graph":[{"@type":"WebPage","@id":"https:\/\/www.lepassioni.it\/fr\/produit\/huile-biologique-le-passioni\/","url":"https:\/\/www.lepassioni.it\/fr\/produit\/huile-biologique-le-passioni\/","name":"Huile d\u2019olive extra vierge \"Le Passioni\" (250 ml) - Olio biologico, Vendita Olio biologico, E-commerce Olio Biologico - Le Passioni","isPartOf":{"@id":"https:\/\/www.lepassioni.it\/#website"},"primaryImageOfPage":{"@id":"https:\/\/www.lepassioni.it\/fr\/produit\/huile-biologique-le-passioni\/#primaryimage"},"image":{"@id":"https:\/\/www.lepassioni.it\/fr\/produit\/huile-biologique-le-passioni\/#primaryimage"},"thumbnailUrl":"https:\/\/www.lepassioni.it\/wp-content\/uploads\/2016\/12\/PhotoRoom_20231122_092835-1.jpg","datePublished":"2016-12-01T10:27:38+00:00","dateModified":"2021-07-06T12:30:12+00:00","breadcrumb":{"@id":"https:\/\/www.lepassioni.it\/fr\/produit\/huile-biologique-le-passioni\/#breadcrumb"},"inLanguage":"fr-FR","potentialAction":[{"@type":"ReadAction","target":["https:\/\/www.lepassioni.it\/fr\/produit\/huile-biologique-le-passioni\/"]}]},{"@type":"ImageObject","inLanguage":"fr-FR","@id":"https:\/\/www.lepassioni.it\/fr\/produit\/huile-biologique-le-passioni\/#primaryimage","url":"https:\/\/www.lepassioni.it\/wp-content\/uploads\/2016\/12\/PhotoRoom_20231122_092835-1.jpg","contentUrl":"https:\/\/www.lepassioni.it\/wp-content\/uploads\/2016\/12\/PhotoRoom_20231122_092835-1.jpg","width":1078,"height":1078},{"@type":"BreadcrumbList","@id":"https:\/\/www.lepassioni.it\/fr\/produit\/huile-biologique-le-passioni\/#breadcrumb","itemListElement":[{"@type":"ListItem","position":1,"name":"Home","item":"https:\/\/www.lepassioni.it\/fr\/"},{"@type":"ListItem","position":2,"name":"Prodotti","item":"https:\/\/www.lepassioni.it\/shop\/"},{"@type":"ListItem","position":3,"name":"Huile d\u2019olive extra vierge \u00ab\u00a0Le Passioni\u00a0\u00bb (250 ml)"}]},{"@type":"WebSite","@id":"https:\/\/www.lepassioni.it\/#website","url":"https:\/\/www.lepassioni.it\/","name":"Olio biologico, Vendita Olio biologico, E-commerce Olio Biologico - Le Passioni","description":"","potentialAction":[{"@type":"SearchAction","target":{"@type":"EntryPoint","urlTemplate":"https:\/\/www.lepassioni.it\/?s={search_term_string}"},"query-input":{"@type":"PropertyValueSpecification","valueRequired":true,"valueName":"search_term_string"}}],"inLanguage":"fr-FR"}]}},"_links":{"self":[{"href":"https:\/\/www.lepassioni.it\/fr\/wp-json\/wp\/v2\/product\/2490","targetHints":{"allow":["GET"]}}],"collection":[{"href":"https:\/\/www.lepassioni.it\/fr\/wp-json\/wp\/v2\/product"}],"about":[{"href":"https:\/\/www.lepassioni.it\/fr\/wp-json\/wp\/v2\/types\/product"}],"replies":[{"embeddable":true,"href":"https:\/\/www.lepassioni.it\/fr\/wp-json\/wp\/v2\/comments?post=2490"}],"wp:featuredmedia":[{"embeddable":true,"href":"https:\/\/www.lepassioni.it\/fr\/wp-json\/wp\/v2\/media\/4990"}],"wp:attachment":[{"href":"https:\/\/www.lepassioni.it\/fr\/wp-json\/wp\/v2\/media?parent=2490"}],"wp:term":[{"taxonomy":"product_cat","embeddable":true,"href":"https:\/\/www.lepassioni.it\/fr\/wp-json\/wp\/v2\/product_cat?post=2490"},{"taxonomy":"product_tag","embeddable":true,"href":"https:\/\/www.lepassioni.it\/fr\/wp-json\/wp\/v2\/product_tag?post=2490"}],"curies":[{"name":"wp","href":"https:\/\/api.w.org\/{rel}","templated":true}]}}