{"id":2476,"date":"2016-12-20T10:00:24","date_gmt":"2016-12-20T09:00:24","guid":{"rendered":"https:\/\/www.lepassioni.it\/prodotto\/huile-olive-extra-vierge-biologique\/"},"modified":"2021-07-06T14:02:19","modified_gmt":"2021-07-06T12:02:19","slug":"huile-olive-extra-vierge-biologique","status":"publish","type":"product","link":"https:\/\/www.lepassioni.it\/fr\/produit\/huile-olive-extra-vierge-biologique\/","title":{"rendered":"Huile d&rsquo;olive extra vierge biologique (500 ml)"},"content":{"rendered":"<p>C\u2019est une huile avec un bouquet vari\u00e9 dans lequel se d\u00e9marque la feuille d&rsquo;olivier et la tomate, la tonte de l&rsquo;herbe et une m\u00e9moire d&rsquo;\u00e9pinards qui laisse place \u00e0 l&rsquo;artichaut. Dans la bouche la l\u00e9g\u00e8re note am\u00e8re et la moyenne des \u00e9pices sont adoucies dans la douceur d&rsquo;une fermeture o\u00f9 toutes les parties sont harmonis\u00e9es et offrent au palais une huile de finesse, nettoyage et \u00e9l\u00e9gance.<br \/>\nC\u2019est un savant m\u00e9lange cr\u00e9e combinant avec habilit\u00e9 et harmonie les huiles produites par nos 4 oliveraies pour obtenir un produit dans un go\u00fbt extr\u00eamement \u00e9l\u00e9gant.<\/p>\n<p><strong>Extraction:<\/strong>\u00e0 froid avec d\u00e9canteur \u00e0 deux phases<\/p>\n<table>\n<tbody>\n<tr>\n<td><strong>Cultivar:<\/strong><\/td>\n<td>40% Leccino, 30% Frantoio, 25% Grignano, 5% Favarol<\/td>\n<\/tr>\n<tr>\n<td><strong>Cueillette et gaulage:<\/strong><\/td>\n<td>\u00e0 la main<\/td>\n<\/tr>\n<tr>\n<td><strong>Mouture:<\/strong><\/td>\n<td>dans les 4 heures suivant la cueillette<\/td>\n<\/tr>\n<\/tbody>\n<\/table>\n","protected":false},"excerpt":{"rendered":"<p>C\u2019est une huile avec un bouquet vari\u00e9 dans lequel se d\u00e9marque la feuille d&rsquo;olivier et la tomate, la tonte de [&hellip;]<\/p>\n","protected":false},"featured_media":4986,"comment_status":"open","ping_status":"closed","template":"","meta":[],"product_cat":[46],"product_tag":[],"class_list":{"0":"post-2476","1":"product","2":"type-product","3":"status-publish","4":"has-post-thumbnail","6":"product_cat-huile","8":"first","9":"instock","10":"taxable","11":"shipping-taxable","12":"purchasable","13":"product-type-simple"},"yoast_head":"<!-- This site is optimized with the Yoast SEO plugin v24.0 - https:\/\/yoast.com\/wordpress\/plugins\/seo\/ -->\n<title>Huile d&#039;olive extra vierge biologique (500 ml) - Olio biologico, Vendita Olio biologico, E-commerce Olio Biologico - Le Passioni<\/title>\n<meta name=\"robots\" content=\"index, follow, max-snippet:-1, max-image-preview:large, max-video-preview:-1\" \/>\n<link rel=\"canonical\" href=\"https:\/\/www.lepassioni.it\/fr\/produit\/huile-olive-extra-vierge-biologique\/\" \/>\n<meta property=\"og:locale\" content=\"fr_FR\" \/>\n<meta property=\"og:type\" content=\"article\" \/>\n<meta property=\"og:title\" content=\"Huile d&#039;olive extra vierge biologique (500 ml) - Olio biologico, Vendita Olio biologico, E-commerce Olio Biologico - Le Passioni\" \/>\n<meta property=\"og:description\" content=\"C\u2019est une huile avec un bouquet vari\u00e9 dans lequel se d\u00e9marque la feuille d&rsquo;olivier et la tomate, la tonte de [&hellip;]\" \/>\n<meta property=\"og:url\" content=\"https:\/\/www.lepassioni.it\/fr\/produit\/huile-olive-extra-vierge-biologique\/\" \/>\n<meta property=\"og:site_name\" content=\"Olio biologico, Vendita Olio biologico, E-commerce Olio Biologico - Le Passioni\" \/>\n<meta property=\"article:modified_time\" content=\"2021-07-06T12:02:19+00:00\" \/>\n<meta property=\"og:image\" content=\"https:\/\/www.lepassioni.it\/wp-content\/uploads\/2016\/12\/oil500.jpg\" \/>\n\t<meta property=\"og:image:width\" content=\"640\" \/>\n\t<meta property=\"og:image:height\" content=\"640\" \/>\n\t<meta property=\"og:image:type\" content=\"image\/jpeg\" \/>\n<meta name=\"twitter:card\" content=\"summary_large_image\" \/>\n<meta name=\"twitter:label1\" content=\"Dur\u00e9e de lecture estim\u00e9e\" \/>\n\t<meta name=\"twitter:data1\" content=\"1 minute\" \/>\n<script type=\"application\/ld+json\" class=\"yoast-schema-graph\">{\"@context\":\"https:\/\/schema.org\",\"@graph\":[{\"@type\":\"WebPage\",\"@id\":\"https:\/\/www.lepassioni.it\/fr\/produit\/huile-olive-extra-vierge-biologique\/\",\"url\":\"https:\/\/www.lepassioni.it\/fr\/produit\/huile-olive-extra-vierge-biologique\/\",\"name\":\"Huile d'olive extra vierge biologique (500 ml) - Olio biologico, Vendita Olio biologico, E-commerce Olio Biologico - Le Passioni\",\"isPartOf\":{\"@id\":\"https:\/\/www.lepassioni.it\/#website\"},\"primaryImageOfPage\":{\"@id\":\"https:\/\/www.lepassioni.it\/fr\/produit\/huile-olive-extra-vierge-biologique\/#primaryimage\"},\"image\":{\"@id\":\"https:\/\/www.lepassioni.it\/fr\/produit\/huile-olive-extra-vierge-biologique\/#primaryimage\"},\"thumbnailUrl\":\"https:\/\/www.lepassioni.it\/wp-content\/uploads\/2016\/12\/PhotoRoom_20231121_163733.jpg\",\"datePublished\":\"2016-12-20T09:00:24+00:00\",\"dateModified\":\"2021-07-06T12:02:19+00:00\",\"breadcrumb\":{\"@id\":\"https:\/\/www.lepassioni.it\/fr\/produit\/huile-olive-extra-vierge-biologique\/#breadcrumb\"},\"inLanguage\":\"fr-FR\",\"potentialAction\":[{\"@type\":\"ReadAction\",\"target\":[\"https:\/\/www.lepassioni.it\/fr\/produit\/huile-olive-extra-vierge-biologique\/\"]}]},{\"@type\":\"ImageObject\",\"inLanguage\":\"fr-FR\",\"@id\":\"https:\/\/www.lepassioni.it\/fr\/produit\/huile-olive-extra-vierge-biologique\/#primaryimage\",\"url\":\"https:\/\/www.lepassioni.it\/wp-content\/uploads\/2016\/12\/PhotoRoom_20231121_163733.jpg\",\"contentUrl\":\"https:\/\/www.lepassioni.it\/wp-content\/uploads\/2016\/12\/PhotoRoom_20231121_163733.jpg\",\"width\":1487,\"height\":1488},{\"@type\":\"BreadcrumbList\",\"@id\":\"https:\/\/www.lepassioni.it\/fr\/produit\/huile-olive-extra-vierge-biologique\/#breadcrumb\",\"itemListElement\":[{\"@type\":\"ListItem\",\"position\":1,\"name\":\"Home\",\"item\":\"https:\/\/www.lepassioni.it\/fr\/\"},{\"@type\":\"ListItem\",\"position\":2,\"name\":\"Prodotti\",\"item\":\"https:\/\/www.lepassioni.it\/shop\/\"},{\"@type\":\"ListItem\",\"position\":3,\"name\":\"Huile d&rsquo;olive extra vierge biologique (500 ml)\"}]},{\"@type\":\"WebSite\",\"@id\":\"https:\/\/www.lepassioni.it\/#website\",\"url\":\"https:\/\/www.lepassioni.it\/\",\"name\":\"Olio biologico, Vendita Olio biologico, E-commerce Olio Biologico - Le Passioni\",\"description\":\"\",\"potentialAction\":[{\"@type\":\"SearchAction\",\"target\":{\"@type\":\"EntryPoint\",\"urlTemplate\":\"https:\/\/www.lepassioni.it\/?s={search_term_string}\"},\"query-input\":{\"@type\":\"PropertyValueSpecification\",\"valueRequired\":true,\"valueName\":\"search_term_string\"}}],\"inLanguage\":\"fr-FR\"}]}<\/script>\n<!-- \/ Yoast SEO plugin. -->","yoast_head_json":{"title":"Huile d'olive extra vierge biologique (500 ml) - Olio biologico, Vendita Olio biologico, E-commerce Olio Biologico - Le Passioni","robots":{"index":"index","follow":"follow","max-snippet":"max-snippet:-1","max-image-preview":"max-image-preview:large","max-video-preview":"max-video-preview:-1"},"canonical":"https:\/\/www.lepassioni.it\/fr\/produit\/huile-olive-extra-vierge-biologique\/","og_locale":"fr_FR","og_type":"article","og_title":"Huile d'olive extra vierge biologique (500 ml) - Olio biologico, Vendita Olio biologico, E-commerce Olio Biologico - Le Passioni","og_description":"C\u2019est une huile avec un bouquet vari\u00e9 dans lequel se d\u00e9marque la feuille d&rsquo;olivier et la tomate, la tonte de [&hellip;]","og_url":"https:\/\/www.lepassioni.it\/fr\/produit\/huile-olive-extra-vierge-biologique\/","og_site_name":"Olio biologico, Vendita Olio biologico, E-commerce Olio Biologico - Le Passioni","article_modified_time":"2021-07-06T12:02:19+00:00","og_image":[{"width":640,"height":640,"url":"https:\/\/www.lepassioni.it\/wp-content\/uploads\/2016\/12\/oil500.jpg","type":"image\/jpeg"}],"twitter_card":"summary_large_image","twitter_misc":{"Dur\u00e9e de lecture estim\u00e9e":"1 minute"},"schema":{"@context":"https:\/\/schema.org","@graph":[{"@type":"WebPage","@id":"https:\/\/www.lepassioni.it\/fr\/produit\/huile-olive-extra-vierge-biologique\/","url":"https:\/\/www.lepassioni.it\/fr\/produit\/huile-olive-extra-vierge-biologique\/","name":"Huile d'olive extra vierge biologique (500 ml) - Olio biologico, Vendita Olio biologico, E-commerce Olio Biologico - Le Passioni","isPartOf":{"@id":"https:\/\/www.lepassioni.it\/#website"},"primaryImageOfPage":{"@id":"https:\/\/www.lepassioni.it\/fr\/produit\/huile-olive-extra-vierge-biologique\/#primaryimage"},"image":{"@id":"https:\/\/www.lepassioni.it\/fr\/produit\/huile-olive-extra-vierge-biologique\/#primaryimage"},"thumbnailUrl":"https:\/\/www.lepassioni.it\/wp-content\/uploads\/2016\/12\/PhotoRoom_20231121_163733.jpg","datePublished":"2016-12-20T09:00:24+00:00","dateModified":"2021-07-06T12:02:19+00:00","breadcrumb":{"@id":"https:\/\/www.lepassioni.it\/fr\/produit\/huile-olive-extra-vierge-biologique\/#breadcrumb"},"inLanguage":"fr-FR","potentialAction":[{"@type":"ReadAction","target":["https:\/\/www.lepassioni.it\/fr\/produit\/huile-olive-extra-vierge-biologique\/"]}]},{"@type":"ImageObject","inLanguage":"fr-FR","@id":"https:\/\/www.lepassioni.it\/fr\/produit\/huile-olive-extra-vierge-biologique\/#primaryimage","url":"https:\/\/www.lepassioni.it\/wp-content\/uploads\/2016\/12\/PhotoRoom_20231121_163733.jpg","contentUrl":"https:\/\/www.lepassioni.it\/wp-content\/uploads\/2016\/12\/PhotoRoom_20231121_163733.jpg","width":1487,"height":1488},{"@type":"BreadcrumbList","@id":"https:\/\/www.lepassioni.it\/fr\/produit\/huile-olive-extra-vierge-biologique\/#breadcrumb","itemListElement":[{"@type":"ListItem","position":1,"name":"Home","item":"https:\/\/www.lepassioni.it\/fr\/"},{"@type":"ListItem","position":2,"name":"Prodotti","item":"https:\/\/www.lepassioni.it\/shop\/"},{"@type":"ListItem","position":3,"name":"Huile d&rsquo;olive extra vierge biologique (500 ml)"}]},{"@type":"WebSite","@id":"https:\/\/www.lepassioni.it\/#website","url":"https:\/\/www.lepassioni.it\/","name":"Olio biologico, Vendita Olio biologico, E-commerce Olio Biologico - Le Passioni","description":"","potentialAction":[{"@type":"SearchAction","target":{"@type":"EntryPoint","urlTemplate":"https:\/\/www.lepassioni.it\/?s={search_term_string}"},"query-input":{"@type":"PropertyValueSpecification","valueRequired":true,"valueName":"search_term_string"}}],"inLanguage":"fr-FR"}]}},"_links":{"self":[{"href":"https:\/\/www.lepassioni.it\/fr\/wp-json\/wp\/v2\/product\/2476","targetHints":{"allow":["GET"]}}],"collection":[{"href":"https:\/\/www.lepassioni.it\/fr\/wp-json\/wp\/v2\/product"}],"about":[{"href":"https:\/\/www.lepassioni.it\/fr\/wp-json\/wp\/v2\/types\/product"}],"replies":[{"embeddable":true,"href":"https:\/\/www.lepassioni.it\/fr\/wp-json\/wp\/v2\/comments?post=2476"}],"wp:featuredmedia":[{"embeddable":true,"href":"https:\/\/www.lepassioni.it\/fr\/wp-json\/wp\/v2\/media\/4986"}],"wp:attachment":[{"href":"https:\/\/www.lepassioni.it\/fr\/wp-json\/wp\/v2\/media?parent=2476"}],"wp:term":[{"taxonomy":"product_cat","embeddable":true,"href":"https:\/\/www.lepassioni.it\/fr\/wp-json\/wp\/v2\/product_cat?post=2476"},{"taxonomy":"product_tag","embeddable":true,"href":"https:\/\/www.lepassioni.it\/fr\/wp-json\/wp\/v2\/product_tag?post=2476"}],"curies":[{"name":"wp","href":"https:\/\/api.w.org\/{rel}","templated":true}]}}