{"id":4603,"date":"2021-07-12T16:52:47","date_gmt":"2021-07-12T14:52:47","guid":{"rendered":"https:\/\/demo2.infovi.digital\/passioni\/homepage\/"},"modified":"2021-07-12T16:52:49","modified_gmt":"2021-07-12T14:52:49","slug":"homepage","status":"publish","type":"page","link":"https:\/\/www.lepassioni.it\/fr\/","title":{"rendered":"Homepage"},"content":{"rendered":"<div class=\"wpb-content-wrapper\"><p>[vc_row unlock_row_content=\u00a0\u00bbyes\u00a0\u00bb row_height_percent=\u00a0\u00bb0&Prime; override_padding=\u00a0\u00bbyes\u00a0\u00bb h_padding=\u00a0\u00bb0&Prime; top_padding=\u00a0\u00bb0&Prime; bottom_padding=\u00a0\u00bb3&Prime; overlay_alpha=\u00a0\u00bb50&Prime; gutter_size=\u00a0\u00bb3&Prime; column_width_percent=\u00a0\u00bb100&Prime; shift_y=\u00a0\u00bb0&Prime; z_index=\u00a0\u00bb0&Prime; css=\u00a0\u00bb.vc_custom_1622537888918{padding-top: 0px !important;padding-right: 0px !important;padding-left: 0px !important;}\u00a0\u00bb][vc_column width=\u00a0\u00bb1\/1&Prime;][vc_single_image media=\u00a0\u00bb28&Prime; media_width_percent=\u00a0\u00bb100&Prime; alignment=\u00a0\u00bbcenter\u00a0\u00bb advanced=\u00a0\u00bbyes\u00a0\u00bb media_overlay_opacity=\u00a0\u00bb50&Prime; media_padding=\u00a0\u00bb2&Prime; css_animation=\u00a0\u00bbalpha-anim\u00a0\u00bb][\/vc_column][\/vc_row][vc_row row_height_percent=\u00a0\u00bb0&Prime; override_padding=\u00a0\u00bbyes\u00a0\u00bb h_padding=\u00a0\u00bb2&Prime; top_padding=\u00a0\u00bb2&Prime; bottom_padding=\u00a0\u00bb4&Prime; overlay_alpha=\u00a0\u00bb50&Prime; gutter_size=\u00a0\u00bb3&Prime; column_width_percent=\u00a0\u00bb100&Prime; shift_y=\u00a0\u00bb0&Prime; z_index=\u00a0\u00bb0&Prime;][vc_column column_width_percent=\u00a0\u00bb98&Prime; position_horizontal=\u00a0\u00bbright\u00a0\u00bb gutter_size=\u00a0\u00bb3&Prime; overlay_alpha=\u00a0\u00bb50&Prime; shift_x=\u00a0\u00bb0&Prime; shift_y=\u00a0\u00bb0&Prime; shift_y_down=\u00a0\u00bb0&Prime; z_index=\u00a0\u00bb0&Prime; medium_width=\u00a0\u00bb0&Prime; mobile_width=\u00a0\u00bb0&Prime; width=\u00a0\u00bb1\/2&Prime;][vc_single_image media=\u00a0\u00bb41&Prime; media_width_percent=\u00a0\u00bb100&Prime;][\/vc_column][vc_column column_width_percent=\u00a0\u00bb100&Prime; position_horizontal=\u00a0\u00bbleft\u00a0\u00bb gutter_size=\u00a0\u00bb3&Prime; overlay_alpha=\u00a0\u00bb50&Prime; shift_x=\u00a0\u00bb0&Prime; shift_y=\u00a0\u00bb0&Prime; shift_y_down=\u00a0\u00bb0&Prime; z_index=\u00a0\u00bb0&Prime; medium_width=\u00a0\u00bb0&Prime; mobile_width=\u00a0\u00bb0&Prime; width=\u00a0\u00bb1\/2&Prime;][vc_custom_heading heading_semantic=\u00a0\u00bbh1&Prime; text_font=\u00a0\u00bbfont-459138&Prime; text_size=\u00a0\u00bbh1&Prime; text_weight=\u00a0\u00bb500&Prime; text_color=\u00a0\u00bbcolor-vyce\u00a0\u00bb]Une affaire de famille[\/vc_custom_heading][vc_column_text]Notre entreprise, situ\u00e9e sur les collines \u00ab Lessini \u00bb en province de Vicenza, offre uniquement des produits certifi\u00e9s biologiques. Tous produits sont garantis par les soins que seule une entreprise familiale peut offrir, ainsi que par des organismes de certification accr\u00e9dit\u00e9s. La position ensoleill\u00e9 du sol se trouve \u00e0 450 mt. d\u2019altitude et les caract\u00e9ristiques du terrain offrent des produits particuli\u00e8rement pr\u00e9cieux pour leurs riches saveurs d\u2019\u00e9pices. L\u2019huile biologique \u00ab Le Passioni \u00bb est le r\u00e9sultat du travail de notre famille. La taille, la cueillette, le pressage \u00e0 froid, jusqu\u2019\u00e0 l\u2019emballage. De l\u2019olivier \u00e0 la bouteille, tout le processus ne se d\u00e9roule que par nos mains.[\/vc_column_text][vc_gallery el_id=\u00a0\u00bbgallery-114458&Prime; medias=\u00a0\u00bb40,39,38,37,36,35,34&Prime; gutter_size=\u00a0\u00bb2&Prime; screen_lg=\u00a0\u00bb1000&Prime; screen_md=\u00a0\u00bb600&Prime; screen_sm=\u00a0\u00bb480&Prime; single_width=\u00a0\u00bb1&Prime; images_size=\u00a0\u00bbfour-three\u00a0\u00bb single_overlay_opacity=\u00a0\u00bb50&Prime; single_padding=\u00a0\u00bb2&Prime;][\/vc_column][\/vc_row][vc_row unlock_row_content=\u00a0\u00bbyes\u00a0\u00bb row_height_percent=\u00a0\u00bb0&Prime; override_padding=\u00a0\u00bbyes\u00a0\u00bb h_padding=\u00a0\u00bb0&Prime; top_padding=\u00a0\u00bb0&Prime; bottom_padding=\u00a0\u00bb0&Prime; back_color=\u00a0\u00bbCUAMM\u00a0\u00bb overlay_alpha=\u00a0\u00bb50&Prime; equal_height=\u00a0\u00bbyes\u00a0\u00bb gutter_size=\u00a0\u00bb0&Prime; column_width_percent=\u00a0\u00bb100&Prime; shift_y=\u00a0\u00bb0&Prime; z_index=\u00a0\u00bb0&Prime; el_class=\u00a0\u00bbinverted-device-order\u00a0\u00bb][vc_column column_width_percent=\u00a0\u00bb100&Prime; position_vertical=\u00a0\u00bbmiddle\u00a0\u00bb align_horizontal=\u00a0\u00bbalign_center\u00a0\u00bb gutter_size=\u00a0\u00bb3&Prime; override_padding=\u00a0\u00bbyes\u00a0\u00bb column_padding=\u00a0\u00bb5&Prime; style=\u00a0\u00bbdark\u00a0\u00bb overlay_alpha=\u00a0\u00bb50&Prime; shift_x=\u00a0\u00bb0&Prime; shift_y=\u00a0\u00bb0&Prime; shift_y_down=\u00a0\u00bb0&Prime; z_index=\u00a0\u00bb0&Prime; medium_width=\u00a0\u00bb0&Prime; mobile_width=\u00a0\u00bb0&Prime; width=\u00a0\u00bb1\/2&Prime;][vc_custom_heading text_size=\u00a0\u00bbh1&Prime;]Long headline on two lines[\/vc_custom_heading][vc_column_text text_lead=\u00a0\u00bbyes\u00a0\u00bb]Change the color to match your brand or vision, add your logo, choose the perfect layout, modify menu settings, add animations, add shape dividers, increase engagement with call to action and more.[\/vc_column_text][vc_button button_color=\u00a0\u00bbcolor-xsdn\u00a0\u00bb outline=\u00a0\u00bbyes\u00a0\u00bb border_width=\u00a0\u00bb0&Prime; link=\u00a0\u00bburl:https%3A%2F%2Fdemo2.infovi.digital%2Fpassioni%2Fcuamm-prima-le-mamme-e-i-bambini%2F|\u00a0\u00bb]en savoir plus[\/vc_button][\/vc_column][vc_column column_width_percent=\u00a0\u00bb100&Prime; gutter_size=\u00a0\u00bb3&Prime; overlay_alpha=\u00a0\u00bb50&Prime; shift_x=\u00a0\u00bb0&Prime; shift_y=\u00a0\u00bb0&Prime; shift_y_down=\u00a0\u00bb0&Prime; z_index=\u00a0\u00bb0&Prime; medium_width=\u00a0\u00bb0&Prime; mobile_width=\u00a0\u00bb0&Prime; width=\u00a0\u00bb1\/2&Prime; mobile_height=\u00a0\u00bb340&Prime;][vc_single_image media=\u00a0\u00bb3808&Prime; media_width_percent=\u00a0\u00bb100&Prime; alignment=\u00a0\u00bbcenter\u00a0\u00bb advanced=\u00a0\u00bbyes\u00a0\u00bb media_overlay_opacity=\u00a0\u00bb50&Prime; media_padding=\u00a0\u00bb2&Prime;][\/vc_column][\/vc_row][vc_row unlock_row_content=\u00a0\u00bbyes\u00a0\u00bb row_height_percent=\u00a0\u00bb0&Prime; override_padding=\u00a0\u00bbyes\u00a0\u00bb h_padding=\u00a0\u00bb2&Prime; top_padding=\u00a0\u00bb4&Prime; bottom_padding=\u00a0\u00bb4&Prime; back_color=\u00a0\u00bbcolor-lxmt\u00a0\u00bb overlay_alpha=\u00a0\u00bb50&Prime; gutter_size=\u00a0\u00bb3&Prime; column_width_percent=\u00a0\u00bb100&Prime; shift_y=\u00a0\u00bb0&Prime; z_index=\u00a0\u00bb0&Prime;][vc_column column_width_percent=\u00a0\u00bb100&Prime; align_horizontal=\u00a0\u00bbalign_center\u00a0\u00bb gutter_size=\u00a0\u00bb3&Prime; overlay_alpha=\u00a0\u00bb50&Prime; shift_x=\u00a0\u00bb0&Prime; shift_y=\u00a0\u00bb0&Prime; shift_y_down=\u00a0\u00bb0&Prime; z_index=\u00a0\u00bb0&Prime; medium_width=\u00a0\u00bb0&Prime; mobile_width=\u00a0\u00bb0&Prime; width=\u00a0\u00bb1\/1&Prime;][vc_custom_heading text_font=\u00a0\u00bbfont-459138&Prime; text_size=\u00a0\u00bbh1&Prime; text_weight=\u00a0\u00bb500&Prime; text_color=\u00a0\u00bbcolor-vyce\u00a0\u00bb]Nos r\u00e9compenses[\/vc_custom_heading][vc_empty_space empty_h=\u00a0\u00bb2&Prime;][vc_row_inner][vc_column_inner width=\u00a0\u00bb1\/1&Prime;][vc_single_image media=\u00a0\u00bb65&Prime; media_width_percent=\u00a0\u00bb20&Prime; alignment=\u00a0\u00bbcenter\u00a0\u00bb][\/vc_column_inner][\/vc_row_inner][vc_empty_space empty_h=\u00a0\u00bb2&Prime;][vc_row_inner row_inner_height_percent=\u00a0\u00bb0&Prime; force_width_grid=\u00a0\u00bbyes\u00a0\u00bb overlay_alpha=\u00a0\u00bb50&Prime; gutter_size=\u00a0\u00bb4&Prime; shift_y=\u00a0\u00bb0&Prime; z_index=\u00a0\u00bb0&Prime;][vc_column_inner column_width_percent=\u00a0\u00bb100&Prime; gutter_size=\u00a0\u00bb3&Prime; overlay_alpha=\u00a0\u00bb50&Prime; shift_x=\u00a0\u00bb0&Prime; shift_y=\u00a0\u00bb0&Prime; shift_y_down=\u00a0\u00bb0&Prime; z_index=\u00a0\u00bb0&Prime; medium_width=\u00a0\u00bb0&Prime; mobile_width=\u00a0\u00bb0&Prime; width=\u00a0\u00bb1\/3&Prime;][\/vc_column_inner][vc_column_inner column_width_percent=\u00a0\u00bb100&Prime; gutter_size=\u00a0\u00bb3&Prime; overlay_alpha=\u00a0\u00bb50&Prime; shift_x=\u00a0\u00bb0&Prime; shift_y=\u00a0\u00bb0&Prime; shift_y_down=\u00a0\u00bb0&Prime; z_index=\u00a0\u00bb0&Prime; medium_width=\u00a0\u00bb0&Prime; mobile_width=\u00a0\u00bb0&Prime; width=\u00a0\u00bb1\/3&Prime;][vc_icon icon_image=\u00a0\u00bb66&Prime; media_size=\u00a0\u00bb150&Prime; text_size=\u00a0\u00bbh4&Prime; title=\u00a0\u00bbGrande Olio Slow\u00a0\u00bb]Inserito nella Guida agli extra vergini Slow Food 2019 come \u201cGrande Olio Slow\u201d<br \/>\nIl Grande Olio \u00e8 il premio attribuito all\u2019extravergine che si \u00e8 distinto per particolari pregi dal punto di vista organolettico e perch\u00e9 ben rispecchia territorio e cultivar. A queste caratteristiche, il premio Grande Olio Slow aggiunge il riconoscimento delle pratiche agronomiche sostenibili applicate.[\/vc_icon][\/vc_column_inner][vc_column_inner width=\u00a0\u00bb1\/3&Prime;][\/vc_column_inner][\/vc_row_inner][vc_empty_space empty_h=\u00a0\u00bb2&Prime;][vc_row_inner row_inner_height_percent=\u00a0\u00bb0&Prime; force_width_grid=\u00a0\u00bbyes\u00a0\u00bb overlay_alpha=\u00a0\u00bb50&Prime; equal_height=\u00a0\u00bbyes\u00a0\u00bb gutter_size=\u00a0\u00bb4&Prime; shift_y=\u00a0\u00bb0&Prime; z_index=\u00a0\u00bb0&Prime;][vc_column_inner column_width_percent=\u00a0\u00bb100&Prime; gutter_size=\u00a0\u00bb3&Prime; overlay_alpha=\u00a0\u00bb50&Prime; shift_x=\u00a0\u00bb0&Prime; shift_y=\u00a0\u00bb0&Prime; shift_y_down=\u00a0\u00bb0&Prime; z_index=\u00a0\u00bb0&Prime; medium_width=\u00a0\u00bb0&Prime; mobile_width=\u00a0\u00bb0&Prime; width=\u00a0\u00bb1\/6&Prime;][\/vc_column_inner][vc_column_inner column_width_percent=\u00a0\u00bb100&Prime; gutter_size=\u00a0\u00bb3&Prime; overlay_alpha=\u00a0\u00bb50&Prime; shift_x=\u00a0\u00bb0&Prime; shift_y=\u00a0\u00bb0&Prime; shift_y_down=\u00a0\u00bb0&Prime; z_index=\u00a0\u00bb0&Prime; medium_width=\u00a0\u00bb0&Prime; mobile_width=\u00a0\u00bb0&Prime; width=\u00a0\u00bb1\/6&Prime;][\/vc_column_inner][vc_column_inner column_width_percent=\u00a0\u00bb70&Prime; gutter_size=\u00a0\u00bb3&Prime; overlay_alpha=\u00a0\u00bb50&Prime; shift_x=\u00a0\u00bb0&Prime; shift_y=\u00a0\u00bb0&Prime; shift_y_down=\u00a0\u00bb0&Prime; z_index=\u00a0\u00bb0&Prime; medium_width=\u00a0\u00bb0&Prime; mobile_width=\u00a0\u00bb0&Prime; width=\u00a0\u00bb1\/6&Prime;][vc_icon icon_image=\u00a0\u00bb64&Prime; media_size=\u00a0\u00bb110&Prime; text_size=\u00a0\u00bbh4&Prime; title=\u00a0\u00bbGambero Rosso 2018&Prime;]Inserito nella guida con 3 foglie[\/vc_icon][\/vc_column_inner][vc_column_inner column_width_percent=\u00a0\u00bb100&Prime; gutter_size=\u00a0\u00bb3&Prime; overlay_alpha=\u00a0\u00bb50&Prime; shift_x=\u00a0\u00bb0&Prime; shift_y=\u00a0\u00bb0&Prime; shift_y_down=\u00a0\u00bb0&Prime; z_index=\u00a0\u00bb0&Prime; medium_width=\u00a0\u00bb0&Prime; mobile_width=\u00a0\u00bb0&Prime; width=\u00a0\u00bb1\/6&Prime;][vc_icon icon_image=\u00a0\u00bb63&Prime; media_size=\u00a0\u00bb110&Prime; text_size=\u00a0\u00bbh4&Prime; title=\u00a0\u00bbAIPO d&rsquo;Argento 2018&Prime;]1\u00b0 Classificato nella categoria Fruttato Leggero[\/vc_icon][\/vc_column_inner][vc_column_inner column_width_percent=\u00a0\u00bb100&Prime; gutter_size=\u00a0\u00bb3&Prime; overlay_alpha=\u00a0\u00bb50&Prime; shift_x=\u00a0\u00bb0&Prime; shift_y=\u00a0\u00bb0&Prime; shift_y_down=\u00a0\u00bb0&Prime; z_index=\u00a0\u00bb0&Prime; medium_width=\u00a0\u00bb0&Prime; mobile_width=\u00a0\u00bb0&Prime; width=\u00a0\u00bb1\/6&Prime;][\/vc_column_inner][vc_column_inner width=\u00a0\u00bb1\/6&Prime;][\/vc_column_inner][\/vc_row_inner][\/vc_column][\/vc_row][vc_row row_height_percent=\u00a0\u00bb0&Prime; override_padding=\u00a0\u00bbyes\u00a0\u00bb h_padding=\u00a0\u00bb2&Prime; top_padding=\u00a0\u00bb4&Prime; bottom_padding=\u00a0\u00bb4&Prime; overlay_alpha=\u00a0\u00bb50&Prime; gutter_size=\u00a0\u00bb3&Prime; column_width_percent=\u00a0\u00bb100&Prime; shift_y=\u00a0\u00bb0&Prime; z_index=\u00a0\u00bb0&Prime;][vc_column column_width_percent=\u00a0\u00bb100&Prime; align_horizontal=\u00a0\u00bbalign_center\u00a0\u00bb gutter_size=\u00a0\u00bb3&Prime; overlay_alpha=\u00a0\u00bb50&Prime; shift_x=\u00a0\u00bb0&Prime; shift_y=\u00a0\u00bb0&Prime; shift_y_down=\u00a0\u00bb0&Prime; z_index=\u00a0\u00bb0&Prime; medium_width=\u00a0\u00bb0&Prime; mobile_width=\u00a0\u00bb0&Prime; width=\u00a0\u00bb1\/1&Prime;][vc_custom_heading text_font=\u00a0\u00bbfont-459138&Prime; text_size=\u00a0\u00bbh1&Prime; text_weight=\u00a0\u00bb500&Prime; text_color=\u00a0\u00bbcolor-vyce\u00a0\u00bb]Nos produits biologiques[\/vc_custom_heading][vc_column_text][\/vc_column_text][uncode_index el_id=\u00a0\u00bbindex-1041812-278&Prime; index_type=\u00a0\u00bbcarousel\u00a0\u00bb loop=\u00a0\u00bbsize:8|order_by:date|post_type:product|taxonomy_count:10&Prime; carousel_lg=\u00a0\u00bb3&Prime; carousel_md=\u00a0\u00bb2&Prime; carousel_sm=\u00a0\u00bb1&Prime; thumb_size=\u00a0\u00bbthree-four\u00a0\u00bb gutter_size=\u00a0\u00bb4&Prime; product_items=\u00a0\u00bbtitle,media|featured|onpost|original|hide-sale|enhanced-atc|inherit-w-atc|show-atc,price|default\u00a0\u00bb carousel_interval=\u00a0\u00bb0&Prime; carousel_navspeed=\u00a0\u00bb400&Prime; carousel_loop=\u00a0\u00bbyes\u00a0\u00bb carousel_overflow=\u00a0\u00bbyes\u00a0\u00bb carousel_pointer_events=\u00a0\u00bbyes\u00a0\u00bb stage_padding=\u00a0\u00bb15&Prime; single_overlay_opacity=\u00a0\u00bb20&Prime; single_text_anim_type=\u00a0\u00bbbtt\u00a0\u00bb single_image_anim=\u00a0\u00bbno\u00a0\u00bb single_h_align=\u00a0\u00bbcenter\u00a0\u00bb single_padding=\u00a0\u00bb2&Prime; single_title_dimension=\u00a0\u00bbh6&Prime; single_title_transform=\u00a0\u00bbcapitalize\u00a0\u00bb single_border=\u00a0\u00bbyes\u00a0\u00bb single_css_animation=\u00a0\u00bbzoom-in\u00a0\u00bb single_animation_delay=\u00a0\u00bb100&Prime; single_animation_first=\u00a0\u00bbyes\u00a0\u00bb][vc_empty_space empty_h=\u00a0\u00bb2&Prime;][\/vc_column][\/vc_row][vc_row row_height_percent=\u00a0\u00bb0&Prime; override_padding=\u00a0\u00bbyes\u00a0\u00bb h_padding=\u00a0\u00bb2&Prime; top_padding=\u00a0\u00bb4&Prime; bottom_padding=\u00a0\u00bb4&Prime; overlay_alpha=\u00a0\u00bb50&Prime; gutter_size=\u00a0\u00bb3&Prime; column_width_percent=\u00a0\u00bb100&Prime; shift_y=\u00a0\u00bb0&Prime; z_index=\u00a0\u00bb0&Prime;][vc_column column_width_percent=\u00a0\u00bb100&Prime; align_horizontal=\u00a0\u00bbalign_center\u00a0\u00bb gutter_size=\u00a0\u00bb3&Prime; overlay_alpha=\u00a0\u00bb50&Prime; shift_x=\u00a0\u00bb0&Prime; shift_y=\u00a0\u00bb0&Prime; shift_y_down=\u00a0\u00bb0&Prime; z_index=\u00a0\u00bb0&Prime; medium_width=\u00a0\u00bb0&Prime; mobile_width=\u00a0\u00bb0&Prime; width=\u00a0\u00bb1\/1&Prime;][vc_custom_heading text_font=\u00a0\u00bbfont-459138&Prime; text_size=\u00a0\u00bbh1&Prime; text_weight=\u00a0\u00bb500&Prime; text_color=\u00a0\u00bbcolor-vyce\u00a0\u00bb][\/vc_custom_heading][vc_empty_space empty_h=\u00a0\u00bb2&Prime;][uncode_index el_id=\u00a0\u00bbindex-200162&Prime; loop=\u00a0\u00bbsize:4|order_by:date|post_type:post|taxonomy_count:10&Prime; style_preset=\u00a0\u00bbmetro\u00a0\u00bb gutter_size=\u00a0\u00bb3&Prime; post_items=\u00a0\u00bbmedia|featured|onpost|original,date,title,text|excerpt|300,link|default|default_size|leggi\u00a0\u00bb screen_lg=\u00a0\u00bb1000&Prime; screen_md=\u00a0\u00bb600&Prime; screen_sm=\u00a0\u00bb480&Prime; single_width=\u00a0\u00bb3&Prime; single_height=\u00a0\u00bb3&Prime; single_overlay_opacity=\u00a0\u00bb50&Prime; single_padding=\u00a0\u00bb2&Prime;][\/vc_column][\/vc_row]<\/p>\n<\/div>","protected":false},"excerpt":{"rendered":"<p>[vc_row unlock_row_content=\u00a0\u00bbyes\u00a0\u00bb row_height_percent=\u00a0\u00bb0&Prime; override_padding=\u00a0\u00bbyes\u00a0\u00bb h_padding=\u00a0\u00bb0&Prime; top_padding=\u00a0\u00bb0&Prime; bottom_padding=\u00a0\u00bb3&Prime; overlay_alpha=\u00a0\u00bb50&Prime; gutter_size=\u00a0\u00bb3&Prime; column_width_percent=\u00a0\u00bb100&Prime; shift_y=\u00a0\u00bb0&Prime; z_index=\u00a0\u00bb0&Prime; css=\u00a0\u00bb.vc_custom_1622537888918{padding-top: 0px !important;padding-right: 0px !important;padding-left: 0px !important;}\u00a0\u00bb][vc_column width=\u00a0\u00bb1\/1&Prime;][vc_single_image [&hellip;]<\/p>\n","protected":false},"author":2,"featured_media":0,"parent":0,"menu_order":0,"comment_status":"closed","ping_status":"closed","template":"","meta":{"footnotes":""},"class_list":["post-4603","page","type-page","status-publish","hentry"],"yoast_head":"<!-- This site is optimized with the Yoast SEO plugin v24.0 - https:\/\/yoast.com\/wordpress\/plugins\/seo\/ -->\n<title>Homepage - Olio biologico, Vendita Olio biologico, E-commerce Olio Biologico - Le Passioni<\/title>\n<meta name=\"robots\" content=\"index, follow, max-snippet:-1, max-image-preview:large, max-video-preview:-1\" \/>\n<link rel=\"canonical\" href=\"https:\/\/www.lepassioni.it\/fr\/\" \/>\n<meta property=\"og:locale\" content=\"fr_FR\" \/>\n<meta property=\"og:type\" content=\"article\" \/>\n<meta property=\"og:title\" content=\"Homepage - Olio biologico, Vendita Olio biologico, E-commerce Olio Biologico - Le Passioni\" \/>\n<meta property=\"og:description\" content=\"[vc_row unlock_row_content=\u00a0\u00bbyes\u00a0\u00bb row_height_percent=\u00a0\u00bb0&Prime; override_padding=\u00a0\u00bbyes\u00a0\u00bb h_padding=\u00a0\u00bb0&Prime; top_padding=\u00a0\u00bb0&Prime; bottom_padding=\u00a0\u00bb3&Prime; overlay_alpha=\u00a0\u00bb50&Prime; gutter_size=\u00a0\u00bb3&Prime; column_width_percent=\u00a0\u00bb100&Prime; shift_y=\u00a0\u00bb0&Prime; z_index=\u00a0\u00bb0&Prime; css=\u00a0\u00bb.vc_custom_1622537888918{padding-top: 0px !important;padding-right: 0px !important;padding-left: 0px !important;}\u00a0\u00bb][vc_column width=\u00a0\u00bb1\/1&Prime;][vc_single_image [&hellip;]\" \/>\n<meta property=\"og:url\" content=\"https:\/\/www.lepassioni.it\/fr\/\" \/>\n<meta property=\"og:site_name\" content=\"Olio biologico, Vendita Olio biologico, E-commerce Olio Biologico - Le Passioni\" \/>\n<meta property=\"article:modified_time\" content=\"2021-07-12T14:52:49+00:00\" \/>\n<meta name=\"twitter:card\" content=\"summary_large_image\" \/>\n<meta name=\"twitter:label1\" content=\"Dur\u00e9e de lecture estim\u00e9e\" \/>\n\t<meta name=\"twitter:data1\" content=\"7 minutes\" \/>\n<script type=\"application\/ld+json\" class=\"yoast-schema-graph\">{\"@context\":\"https:\/\/schema.org\",\"@graph\":[{\"@type\":\"WebPage\",\"@id\":\"https:\/\/www.lepassioni.it\/fr\/\",\"url\":\"https:\/\/www.lepassioni.it\/fr\/\",\"name\":\"Homepage - Olio biologico, Vendita Olio biologico, E-commerce Olio Biologico - Le Passioni\",\"isPartOf\":{\"@id\":\"https:\/\/www.lepassioni.it\/#website\"},\"datePublished\":\"2021-07-12T14:52:47+00:00\",\"dateModified\":\"2021-07-12T14:52:49+00:00\",\"breadcrumb\":{\"@id\":\"https:\/\/www.lepassioni.it\/fr\/#breadcrumb\"},\"inLanguage\":\"fr-FR\",\"potentialAction\":[{\"@type\":\"ReadAction\",\"target\":[\"https:\/\/www.lepassioni.it\/fr\/\"]}]},{\"@type\":\"BreadcrumbList\",\"@id\":\"https:\/\/www.lepassioni.it\/fr\/#breadcrumb\",\"itemListElement\":[{\"@type\":\"ListItem\",\"position\":1,\"name\":\"Home\",\"item\":\"https:\/\/www.lepassioni.it\/fr\/\"},{\"@type\":\"ListItem\",\"position\":2,\"name\":\"Homepage\"}]},{\"@type\":\"WebSite\",\"@id\":\"https:\/\/www.lepassioni.it\/#website\",\"url\":\"https:\/\/www.lepassioni.it\/\",\"name\":\"Olio biologico, Vendita Olio biologico, E-commerce Olio Biologico - Le Passioni\",\"description\":\"\",\"potentialAction\":[{\"@type\":\"SearchAction\",\"target\":{\"@type\":\"EntryPoint\",\"urlTemplate\":\"https:\/\/www.lepassioni.it\/?s={search_term_string}\"},\"query-input\":{\"@type\":\"PropertyValueSpecification\",\"valueRequired\":true,\"valueName\":\"search_term_string\"}}],\"inLanguage\":\"fr-FR\"}]}<\/script>\n<!-- \/ Yoast SEO plugin. -->","yoast_head_json":{"title":"Homepage - Olio biologico, Vendita Olio biologico, E-commerce Olio Biologico - Le Passioni","robots":{"index":"index","follow":"follow","max-snippet":"max-snippet:-1","max-image-preview":"max-image-preview:large","max-video-preview":"max-video-preview:-1"},"canonical":"https:\/\/www.lepassioni.it\/fr\/","og_locale":"fr_FR","og_type":"article","og_title":"Homepage - Olio biologico, Vendita Olio biologico, E-commerce Olio Biologico - Le Passioni","og_description":"[vc_row unlock_row_content=\u00a0\u00bbyes\u00a0\u00bb row_height_percent=\u00a0\u00bb0&Prime; override_padding=\u00a0\u00bbyes\u00a0\u00bb h_padding=\u00a0\u00bb0&Prime; top_padding=\u00a0\u00bb0&Prime; bottom_padding=\u00a0\u00bb3&Prime; overlay_alpha=\u00a0\u00bb50&Prime; gutter_size=\u00a0\u00bb3&Prime; column_width_percent=\u00a0\u00bb100&Prime; shift_y=\u00a0\u00bb0&Prime; z_index=\u00a0\u00bb0&Prime; css=\u00a0\u00bb.vc_custom_1622537888918{padding-top: 0px !important;padding-right: 0px !important;padding-left: 0px !important;}\u00a0\u00bb][vc_column width=\u00a0\u00bb1\/1&Prime;][vc_single_image [&hellip;]","og_url":"https:\/\/www.lepassioni.it\/fr\/","og_site_name":"Olio biologico, Vendita Olio biologico, E-commerce Olio Biologico - Le Passioni","article_modified_time":"2021-07-12T14:52:49+00:00","twitter_card":"summary_large_image","twitter_misc":{"Dur\u00e9e de lecture estim\u00e9e":"7 minutes"},"schema":{"@context":"https:\/\/schema.org","@graph":[{"@type":"WebPage","@id":"https:\/\/www.lepassioni.it\/fr\/","url":"https:\/\/www.lepassioni.it\/fr\/","name":"Homepage - Olio biologico, Vendita Olio biologico, E-commerce Olio Biologico - Le Passioni","isPartOf":{"@id":"https:\/\/www.lepassioni.it\/#website"},"datePublished":"2021-07-12T14:52:47+00:00","dateModified":"2021-07-12T14:52:49+00:00","breadcrumb":{"@id":"https:\/\/www.lepassioni.it\/fr\/#breadcrumb"},"inLanguage":"fr-FR","potentialAction":[{"@type":"ReadAction","target":["https:\/\/www.lepassioni.it\/fr\/"]}]},{"@type":"BreadcrumbList","@id":"https:\/\/www.lepassioni.it\/fr\/#breadcrumb","itemListElement":[{"@type":"ListItem","position":1,"name":"Home","item":"https:\/\/www.lepassioni.it\/fr\/"},{"@type":"ListItem","position":2,"name":"Homepage"}]},{"@type":"WebSite","@id":"https:\/\/www.lepassioni.it\/#website","url":"https:\/\/www.lepassioni.it\/","name":"Olio biologico, Vendita Olio biologico, E-commerce Olio Biologico - Le Passioni","description":"","potentialAction":[{"@type":"SearchAction","target":{"@type":"EntryPoint","urlTemplate":"https:\/\/www.lepassioni.it\/?s={search_term_string}"},"query-input":{"@type":"PropertyValueSpecification","valueRequired":true,"valueName":"search_term_string"}}],"inLanguage":"fr-FR"}]}},"_links":{"self":[{"href":"https:\/\/www.lepassioni.it\/fr\/wp-json\/wp\/v2\/pages\/4603","targetHints":{"allow":["GET"]}}],"collection":[{"href":"https:\/\/www.lepassioni.it\/fr\/wp-json\/wp\/v2\/pages"}],"about":[{"href":"https:\/\/www.lepassioni.it\/fr\/wp-json\/wp\/v2\/types\/page"}],"author":[{"embeddable":true,"href":"https:\/\/www.lepassioni.it\/fr\/wp-json\/wp\/v2\/users\/2"}],"replies":[{"embeddable":true,"href":"https:\/\/www.lepassioni.it\/fr\/wp-json\/wp\/v2\/comments?post=4603"}],"version-history":[{"count":2,"href":"https:\/\/www.lepassioni.it\/fr\/wp-json\/wp\/v2\/pages\/4603\/revisions"}],"predecessor-version":[{"id":4605,"href":"https:\/\/www.lepassioni.it\/fr\/wp-json\/wp\/v2\/pages\/4603\/revisions\/4605"}],"wp:attachment":[{"href":"https:\/\/www.lepassioni.it\/fr\/wp-json\/wp\/v2\/media?parent=4603"}],"curies":[{"name":"wp","href":"https:\/\/api.w.org\/{rel}","templated":true}]}}