{"id":2405,"date":"2017-06-19T09:43:18","date_gmt":"2017-06-19T07:43:18","guid":{"rendered":"https:\/\/www.lepassioni.it\/?page_id=2405\/"},"modified":"2021-07-12T17:35:11","modified_gmt":"2021-07-12T15:35:11","slug":"produits","status":"publish","type":"page","link":"https:\/\/www.lepassioni.it\/fr\/produits\/","title":{"rendered":"Produits"},"content":{"rendered":"<div class=\"wpb-content-wrapper\"><p>[vc_row full_width=\u00a0\u00bbstretch_row\u00a0\u00bb css=\u00a0\u00bb.vc_custom_1504537940190{padding-top: 60px !important;padding-bottom: 80px !important;background: #f5f3f0 url(https:\/\/demo.infovi.digital\/lepassioni\/wp-content\/uploads\/2016\/08\/bg.png?id=2326) !important;background-position: center !important;background-repeat: no-repeat !important;background-size: cover !important;}\u00a0\u00bb][vc_column width=\u00a0\u00bb1\/4&Prime; offset=\u00a0\u00bbvc_col-lg-offset-0 vc_col-md-offset-0 vc_col-sm-offset-0&Prime;][\/vc_column][vc_column column_width_percent=\u00a0\u00bb100&Prime; align_horizontal=\u00a0\u00bbalign_center\u00a0\u00bb gutter_size=\u00a0\u00bb3&Prime; overlay_alpha=\u00a0\u00bb50&Prime; shift_x=\u00a0\u00bb0&Prime; shift_y=\u00a0\u00bb0&Prime; shift_y_down=\u00a0\u00bb0&Prime; z_index=\u00a0\u00bb0&Prime; medium_width=\u00a0\u00bb0&Prime; mobile_width=\u00a0\u00bb0&Prime; width=\u00a0\u00bb1\/2&Prime;][vc_custom_heading heading_semantic=\u00a0\u00bbh1&Prime; text_font=\u00a0\u00bbfont-459138&Prime; text_size=\u00a0\u00bbh1&Prime; text_weight=\u00a0\u00bb500&Prime; text_color=\u00a0\u00bbcolor-vyce\u00a0\u00bb]Nos Produits[\/vc_custom_heading][vc_separator sep_color=\u00a0\u00bbcolor-vyce\u00a0\u00bb icon=\u00a0\u00bbfa fa-sun-o\u00a0\u00bb][\/vc_column][vc_column width=\u00a0\u00bb1\/4&Prime;][\/vc_column][\/vc_row][vc_row][vc_column width=\u00a0\u00bb1\/2&Prime;][vc_column_text]Sur les collines ensoleill\u00e9es en Lessinia dans la province de Vicenza, les lois de la nature cr\u00e9ent chaque an produits diff\u00e9rents. En nature, il n\u2019y a pas de saisons \u00e9gales, parce que la nature cr\u00e9e la diversit\u00e9 comme l\u2019homme recherche et g\u00e9n\u00e8re l\u2019approbation.<br \/>\n[\/vc_column_text][vc_column_text]C\u2019est pour \u00e7a que l\u2019huile produite \u00e0 partir d\u2019oliveraies biologiques situ\u00e9es \u00e0 450 mt d\u2019altitude a toujours des nuances diff\u00e9rentes, uniques et inimitables et toujours profond\u00e9ment naturelles.[\/vc_column_text][\/vc_column][vc_column width=\u00a0\u00bb1\/2&Prime;][vc_column_text]l\u2019huile d\u2019olive extra vierge biologique \u00ab Le Passioni \u00bb est n\u00e9 de l\u2019union entre cette passion et ces valeurs. Une huile unique, revue par le prestigieux guide Slow Food qui a re\u00e7u le dipl\u00f4me de concours Argent OAPI.[\/vc_column_text][\/vc_column][\/vc_row][vc_row][vc_column][uncode_index el_id=\u00a0\u00bbindex-1041812-278&Prime; isotope_mode=\u00a0\u00bbfitRows\u00a0\u00bb loop=\u00a0\u00bbsize:8|order_by:date|post_type:product|taxonomy_count:10&Prime; style_preset=\u00a0\u00bbmetro\u00a0\u00bb gutter_size=\u00a0\u00bb4&Prime; product_items=\u00a0\u00bbtitle,media|featured|onpost|original|hide-sale|enhanced-atc|inherit-w-atc|show-atc,price|default\u00a0\u00bb screen_lg=\u00a0\u00bb1000&Prime; screen_md=\u00a0\u00bb600&Prime; screen_sm=\u00a0\u00bb480&Prime; single_overlay_opacity=\u00a0\u00bb20&Prime; single_text_anim_type=\u00a0\u00bbbtt\u00a0\u00bb single_image_anim=\u00a0\u00bbno\u00a0\u00bb single_h_align=\u00a0\u00bbcenter\u00a0\u00bb single_padding=\u00a0\u00bb2&Prime; single_title_dimension=\u00a0\u00bbh6&Prime; single_title_transform=\u00a0\u00bbcapitalize\u00a0\u00bb single_border=\u00a0\u00bbyes\u00a0\u00bb single_css_animation=\u00a0\u00bbzoom-in\u00a0\u00bb single_animation_delay=\u00a0\u00bb100&Prime;][\/vc_column][\/vc_row]<\/p>\n<\/div>","protected":false},"excerpt":{"rendered":"<p>[vc_row full_width=\u00a0\u00bbstretch_row\u00a0\u00bb css=\u00a0\u00bb.vc_custom_1504537940190{padding-top: 60px !important;padding-bottom: 80px !important;background: #f5f3f0 url(https:\/\/demo.infovi.digital\/lepassioni\/wp-content\/uploads\/2016\/08\/bg.png?id=2326) !important;background-position: center !important;background-repeat: no-repeat !important;background-size: cover !important;}\u00a0\u00bb][vc_column width=\u00a0\u00bb1\/4&Prime; offset=\u00a0\u00bbvc_col-lg-offset-0 vc_col-md-offset-0 vc_col-sm-offset-0&Prime;][\/vc_column][vc_column [&hellip;]<\/p>\n","protected":false},"author":1,"featured_media":0,"parent":0,"menu_order":0,"comment_status":"closed","ping_status":"closed","template":"","meta":{"footnotes":""},"class_list":["post-2405","page","type-page","status-publish","hentry"],"yoast_head":"<!-- This site is optimized with the Yoast SEO plugin v24.0 - https:\/\/yoast.com\/wordpress\/plugins\/seo\/ -->\n<title>Produits - Olio biologico, Vendita Olio biologico, E-commerce Olio Biologico - Le Passioni<\/title>\n<meta name=\"robots\" content=\"index, follow, max-snippet:-1, max-image-preview:large, max-video-preview:-1\" \/>\n<link rel=\"canonical\" href=\"https:\/\/www.lepassioni.it\/fr\/produits\/\" \/>\n<meta property=\"og:locale\" content=\"fr_FR\" \/>\n<meta property=\"og:type\" content=\"article\" \/>\n<meta property=\"og:title\" content=\"Produits - Olio biologico, Vendita Olio biologico, E-commerce Olio Biologico - Le Passioni\" \/>\n<meta property=\"og:description\" content=\"[vc_row full_width=\u00a0\u00bbstretch_row\u00a0\u00bb css=\u00a0\u00bb.vc_custom_1504537940190{padding-top: 60px !important;padding-bottom: 80px !important;background: #f5f3f0 url(https:\/\/demo.infovi.digital\/lepassioni\/wp-content\/uploads\/2016\/08\/bg.png?id=2326) !important;background-position: center !important;background-repeat: no-repeat !important;background-size: cover !important;}\u00a0\u00bb][vc_column width=\u00a0\u00bb1\/4&Prime; offset=\u00a0\u00bbvc_col-lg-offset-0 vc_col-md-offset-0 vc_col-sm-offset-0&Prime;][\/vc_column][vc_column [&hellip;]\" \/>\n<meta property=\"og:url\" content=\"https:\/\/www.lepassioni.it\/fr\/produits\/\" \/>\n<meta property=\"og:site_name\" content=\"Olio biologico, Vendita Olio biologico, E-commerce Olio Biologico - Le Passioni\" \/>\n<meta property=\"article:modified_time\" content=\"2021-07-12T15:35:11+00:00\" \/>\n<meta name=\"twitter:card\" content=\"summary_large_image\" \/>\n<meta name=\"twitter:label1\" content=\"Dur\u00e9e de lecture estim\u00e9e\" \/>\n\t<meta name=\"twitter:data1\" content=\"2 minutes\" \/>\n<script type=\"application\/ld+json\" class=\"yoast-schema-graph\">{\"@context\":\"https:\/\/schema.org\",\"@graph\":[{\"@type\":\"WebPage\",\"@id\":\"https:\/\/www.lepassioni.it\/fr\/produits\/\",\"url\":\"https:\/\/www.lepassioni.it\/fr\/produits\/\",\"name\":\"Produits - Olio biologico, Vendita Olio biologico, E-commerce Olio Biologico - Le Passioni\",\"isPartOf\":{\"@id\":\"https:\/\/www.lepassioni.it\/#website\"},\"datePublished\":\"2017-06-19T07:43:18+00:00\",\"dateModified\":\"2021-07-12T15:35:11+00:00\",\"breadcrumb\":{\"@id\":\"https:\/\/www.lepassioni.it\/fr\/produits\/#breadcrumb\"},\"inLanguage\":\"fr-FR\",\"potentialAction\":[{\"@type\":\"ReadAction\",\"target\":[\"https:\/\/www.lepassioni.it\/fr\/produits\/\"]}]},{\"@type\":\"BreadcrumbList\",\"@id\":\"https:\/\/www.lepassioni.it\/fr\/produits\/#breadcrumb\",\"itemListElement\":[{\"@type\":\"ListItem\",\"position\":1,\"name\":\"Home\",\"item\":\"https:\/\/www.lepassioni.it\/fr\/\"},{\"@type\":\"ListItem\",\"position\":2,\"name\":\"Produits\"}]},{\"@type\":\"WebSite\",\"@id\":\"https:\/\/www.lepassioni.it\/#website\",\"url\":\"https:\/\/www.lepassioni.it\/\",\"name\":\"Olio biologico, Vendita Olio biologico, E-commerce Olio Biologico - Le Passioni\",\"description\":\"\",\"potentialAction\":[{\"@type\":\"SearchAction\",\"target\":{\"@type\":\"EntryPoint\",\"urlTemplate\":\"https:\/\/www.lepassioni.it\/?s={search_term_string}\"},\"query-input\":{\"@type\":\"PropertyValueSpecification\",\"valueRequired\":true,\"valueName\":\"search_term_string\"}}],\"inLanguage\":\"fr-FR\"}]}<\/script>\n<!-- \/ Yoast SEO plugin. -->","yoast_head_json":{"title":"Produits - Olio biologico, Vendita Olio biologico, E-commerce Olio Biologico - Le Passioni","robots":{"index":"index","follow":"follow","max-snippet":"max-snippet:-1","max-image-preview":"max-image-preview:large","max-video-preview":"max-video-preview:-1"},"canonical":"https:\/\/www.lepassioni.it\/fr\/produits\/","og_locale":"fr_FR","og_type":"article","og_title":"Produits - Olio biologico, Vendita Olio biologico, E-commerce Olio Biologico - Le Passioni","og_description":"[vc_row full_width=\u00a0\u00bbstretch_row\u00a0\u00bb css=\u00a0\u00bb.vc_custom_1504537940190{padding-top: 60px !important;padding-bottom: 80px !important;background: #f5f3f0 url(https:\/\/demo.infovi.digital\/lepassioni\/wp-content\/uploads\/2016\/08\/bg.png?id=2326) !important;background-position: center !important;background-repeat: no-repeat !important;background-size: cover !important;}\u00a0\u00bb][vc_column width=\u00a0\u00bb1\/4&Prime; offset=\u00a0\u00bbvc_col-lg-offset-0 vc_col-md-offset-0 vc_col-sm-offset-0&Prime;][\/vc_column][vc_column [&hellip;]","og_url":"https:\/\/www.lepassioni.it\/fr\/produits\/","og_site_name":"Olio biologico, Vendita Olio biologico, E-commerce Olio Biologico - Le Passioni","article_modified_time":"2021-07-12T15:35:11+00:00","twitter_card":"summary_large_image","twitter_misc":{"Dur\u00e9e de lecture estim\u00e9e":"2 minutes"},"schema":{"@context":"https:\/\/schema.org","@graph":[{"@type":"WebPage","@id":"https:\/\/www.lepassioni.it\/fr\/produits\/","url":"https:\/\/www.lepassioni.it\/fr\/produits\/","name":"Produits - Olio biologico, Vendita Olio biologico, E-commerce Olio Biologico - Le Passioni","isPartOf":{"@id":"https:\/\/www.lepassioni.it\/#website"},"datePublished":"2017-06-19T07:43:18+00:00","dateModified":"2021-07-12T15:35:11+00:00","breadcrumb":{"@id":"https:\/\/www.lepassioni.it\/fr\/produits\/#breadcrumb"},"inLanguage":"fr-FR","potentialAction":[{"@type":"ReadAction","target":["https:\/\/www.lepassioni.it\/fr\/produits\/"]}]},{"@type":"BreadcrumbList","@id":"https:\/\/www.lepassioni.it\/fr\/produits\/#breadcrumb","itemListElement":[{"@type":"ListItem","position":1,"name":"Home","item":"https:\/\/www.lepassioni.it\/fr\/"},{"@type":"ListItem","position":2,"name":"Produits"}]},{"@type":"WebSite","@id":"https:\/\/www.lepassioni.it\/#website","url":"https:\/\/www.lepassioni.it\/","name":"Olio biologico, Vendita Olio biologico, E-commerce Olio Biologico - Le Passioni","description":"","potentialAction":[{"@type":"SearchAction","target":{"@type":"EntryPoint","urlTemplate":"https:\/\/www.lepassioni.it\/?s={search_term_string}"},"query-input":{"@type":"PropertyValueSpecification","valueRequired":true,"valueName":"search_term_string"}}],"inLanguage":"fr-FR"}]}},"_links":{"self":[{"href":"https:\/\/www.lepassioni.it\/fr\/wp-json\/wp\/v2\/pages\/2405","targetHints":{"allow":["GET"]}}],"collection":[{"href":"https:\/\/www.lepassioni.it\/fr\/wp-json\/wp\/v2\/pages"}],"about":[{"href":"https:\/\/www.lepassioni.it\/fr\/wp-json\/wp\/v2\/types\/page"}],"author":[{"embeddable":true,"href":"https:\/\/www.lepassioni.it\/fr\/wp-json\/wp\/v2\/users\/1"}],"replies":[{"embeddable":true,"href":"https:\/\/www.lepassioni.it\/fr\/wp-json\/wp\/v2\/comments?post=2405"}],"version-history":[{"count":3,"href":"https:\/\/www.lepassioni.it\/fr\/wp-json\/wp\/v2\/pages\/2405\/revisions"}],"predecessor-version":[{"id":4618,"href":"https:\/\/www.lepassioni.it\/fr\/wp-json\/wp\/v2\/pages\/2405\/revisions\/4618"}],"wp:attachment":[{"href":"https:\/\/www.lepassioni.it\/fr\/wp-json\/wp\/v2\/media?parent=2405"}],"curies":[{"name":"wp","href":"https:\/\/api.w.org\/{rel}","templated":true}]}}