{"id":2562,"date":"2016-12-01T00:00:08","date_gmt":"2016-11-30T23:00:08","guid":{"rendered":"https:\/\/www.lepassioni.it\/prodotto\/geschenkpackung\/"},"modified":"2021-07-06T14:43:22","modified_gmt":"2021-07-06T12:43:22","slug":"geschenkpackung","status":"publish","type":"product","link":"https:\/\/www.lepassioni.it\/de\/produkt\/geschenkpackung\/","title":{"rendered":"Geschenkpackung"},"content":{"rendered":"<p>Unser Unternehmen besteht aus vier Olivenhain, wobei jeder entspricht den Namen der Ortschaft.<br \/>\nWir behaupten unsere Oliven italienisch sind und die kommen nur aus unserem Unternehmen.<br \/>\nWir sind stolz darauf, wir bieten die M\u00f6glichkeit unsere Kunden auch die Art und das Feld des \u00d6ls zu w\u00e4hlen.<br \/>\nDiese Ehre ist m\u00f6glich nur in einem Familienunternehmen wie bei uns.<br \/>\nDiese Verpackung beinhaltet:<\/p>\n<ul>\n<li>1 Natives biologisches Oliven\u00f6l &#8222;Le Passioni&#8220; (Flasche 250 ml)<\/li>\n<li>1 Natives biologisches Oliven\u00f6l &#8220; Motti&#8220; (Flasche 250 ml)<\/li>\n<li>1 Natives biologisches Oliven\u00f6l &#8222;La Fincara&#8220; (Flasche 250 ml)<\/li>\n<li>Natives biologisches Oliven\u00f6l &#8222;La Fontana&#8220; (Flasche 250 ml) (250ml)<\/li>\n<\/ul>\n<p>Das ist ein originelles Geschenk, um Ihre G\u00e4ste mit \u00d6l hochwertiger Qualit\u00e4t zu erfreuen.<\/p>\n","protected":false},"excerpt":{"rendered":"<p>Unser Unternehmen besteht aus vier Olivenhain, wobei jeder entspricht den Namen der Ortschaft. Wir behaupten unsere Oliven italienisch sind und [&hellip;]<\/p>\n","protected":false},"featured_media":4950,"comment_status":"closed","ping_status":"closed","template":"","meta":[],"product_cat":[43,47],"product_tag":[],"class_list":{"0":"post-2562","1":"product","2":"type-product","3":"status-publish","4":"has-post-thumbnail","6":"product_cat-oil","7":"product_cat-olivenol","9":"first","10":"instock","11":"taxable","12":"shipping-taxable","13":"purchasable","14":"product-type-simple"},"yoast_head":"<!-- This site is optimized with the Yoast SEO plugin v24.0 - https:\/\/yoast.com\/wordpress\/plugins\/seo\/ -->\n<title>Geschenkpackung - Olio biologico, Vendita Olio biologico, E-commerce Olio Biologico - Le Passioni<\/title>\n<meta name=\"robots\" content=\"index, follow, max-snippet:-1, max-image-preview:large, max-video-preview:-1\" \/>\n<link rel=\"canonical\" href=\"https:\/\/www.lepassioni.it\/de\/produkt\/geschenkpackung\/\" \/>\n<meta property=\"og:locale\" content=\"de_DE\" \/>\n<meta property=\"og:type\" content=\"article\" \/>\n<meta property=\"og:title\" content=\"Geschenkpackung - Olio biologico, Vendita Olio biologico, E-commerce Olio Biologico - Le Passioni\" \/>\n<meta property=\"og:description\" content=\"Unser Unternehmen besteht aus vier Olivenhain, wobei jeder entspricht den Namen der Ortschaft. Wir behaupten unsere Oliven italienisch sind und [&hellip;]\" \/>\n<meta property=\"og:url\" content=\"https:\/\/www.lepassioni.it\/de\/produkt\/geschenkpackung\/\" \/>\n<meta property=\"og:site_name\" content=\"Olio biologico, Vendita Olio biologico, E-commerce Olio Biologico - Le Passioni\" \/>\n<meta property=\"article:modified_time\" content=\"2021-07-06T12:43:22+00:00\" \/>\n<meta property=\"og:image\" content=\"https:\/\/www.lepassioni.it\/wp-content\/uploads\/2016\/12\/oil250bottle.jpg\" \/>\n\t<meta property=\"og:image:width\" content=\"640\" \/>\n\t<meta property=\"og:image:height\" content=\"473\" \/>\n\t<meta property=\"og:image:type\" content=\"image\/jpeg\" \/>\n<meta name=\"twitter:card\" content=\"summary_large_image\" \/>\n<meta name=\"twitter:label1\" content=\"Gesch\u00e4tzte Lesezeit\" \/>\n\t<meta name=\"twitter:data1\" content=\"1\u00a0Minute\" \/>\n<script type=\"application\/ld+json\" class=\"yoast-schema-graph\">{\"@context\":\"https:\/\/schema.org\",\"@graph\":[{\"@type\":\"WebPage\",\"@id\":\"https:\/\/www.lepassioni.it\/de\/produkt\/geschenkpackung\/\",\"url\":\"https:\/\/www.lepassioni.it\/de\/produkt\/geschenkpackung\/\",\"name\":\"Geschenkpackung - Olio biologico, Vendita Olio biologico, E-commerce Olio Biologico - Le Passioni\",\"isPartOf\":{\"@id\":\"https:\/\/www.lepassioni.it\/#website\"},\"primaryImageOfPage\":{\"@id\":\"https:\/\/www.lepassioni.it\/de\/produkt\/geschenkpackung\/#primaryimage\"},\"image\":{\"@id\":\"https:\/\/www.lepassioni.it\/de\/produkt\/geschenkpackung\/#primaryimage\"},\"thumbnailUrl\":\"https:\/\/www.lepassioni.it\/wp-content\/uploads\/2023\/11\/PhotoRoom_20231029_152652.jpg\",\"datePublished\":\"2016-11-30T23:00:08+00:00\",\"dateModified\":\"2021-07-06T12:43:22+00:00\",\"breadcrumb\":{\"@id\":\"https:\/\/www.lepassioni.it\/de\/produkt\/geschenkpackung\/#breadcrumb\"},\"inLanguage\":\"de\",\"potentialAction\":[{\"@type\":\"ReadAction\",\"target\":[\"https:\/\/www.lepassioni.it\/de\/produkt\/geschenkpackung\/\"]}]},{\"@type\":\"ImageObject\",\"inLanguage\":\"de\",\"@id\":\"https:\/\/www.lepassioni.it\/de\/produkt\/geschenkpackung\/#primaryimage\",\"url\":\"https:\/\/www.lepassioni.it\/wp-content\/uploads\/2023\/11\/PhotoRoom_20231029_152652.jpg\",\"contentUrl\":\"https:\/\/www.lepassioni.it\/wp-content\/uploads\/2023\/11\/PhotoRoom_20231029_152652.jpg\",\"width\":1308,\"height\":1308},{\"@type\":\"BreadcrumbList\",\"@id\":\"https:\/\/www.lepassioni.it\/de\/produkt\/geschenkpackung\/#breadcrumb\",\"itemListElement\":[{\"@type\":\"ListItem\",\"position\":1,\"name\":\"Home\",\"item\":\"https:\/\/www.lepassioni.it\/de\/\"},{\"@type\":\"ListItem\",\"position\":2,\"name\":\"Prodotti\",\"item\":\"https:\/\/www.lepassioni.it\/shop\/\"},{\"@type\":\"ListItem\",\"position\":3,\"name\":\"Geschenkpackung\"}]},{\"@type\":\"WebSite\",\"@id\":\"https:\/\/www.lepassioni.it\/#website\",\"url\":\"https:\/\/www.lepassioni.it\/\",\"name\":\"Olio biologico, Vendita Olio biologico, E-commerce Olio Biologico - Le Passioni\",\"description\":\"\",\"potentialAction\":[{\"@type\":\"SearchAction\",\"target\":{\"@type\":\"EntryPoint\",\"urlTemplate\":\"https:\/\/www.lepassioni.it\/?s={search_term_string}\"},\"query-input\":{\"@type\":\"PropertyValueSpecification\",\"valueRequired\":true,\"valueName\":\"search_term_string\"}}],\"inLanguage\":\"de\"}]}<\/script>\n<!-- \/ Yoast SEO plugin. -->","yoast_head_json":{"title":"Geschenkpackung - Olio biologico, Vendita Olio biologico, E-commerce Olio Biologico - Le Passioni","robots":{"index":"index","follow":"follow","max-snippet":"max-snippet:-1","max-image-preview":"max-image-preview:large","max-video-preview":"max-video-preview:-1"},"canonical":"https:\/\/www.lepassioni.it\/de\/produkt\/geschenkpackung\/","og_locale":"de_DE","og_type":"article","og_title":"Geschenkpackung - Olio biologico, Vendita Olio biologico, E-commerce Olio Biologico - Le Passioni","og_description":"Unser Unternehmen besteht aus vier Olivenhain, wobei jeder entspricht den Namen der Ortschaft. Wir behaupten unsere Oliven italienisch sind und [&hellip;]","og_url":"https:\/\/www.lepassioni.it\/de\/produkt\/geschenkpackung\/","og_site_name":"Olio biologico, Vendita Olio biologico, E-commerce Olio Biologico - Le Passioni","article_modified_time":"2021-07-06T12:43:22+00:00","og_image":[{"width":640,"height":473,"url":"https:\/\/www.lepassioni.it\/wp-content\/uploads\/2016\/12\/oil250bottle.jpg","type":"image\/jpeg"}],"twitter_card":"summary_large_image","twitter_misc":{"Gesch\u00e4tzte Lesezeit":"1\u00a0Minute"},"schema":{"@context":"https:\/\/schema.org","@graph":[{"@type":"WebPage","@id":"https:\/\/www.lepassioni.it\/de\/produkt\/geschenkpackung\/","url":"https:\/\/www.lepassioni.it\/de\/produkt\/geschenkpackung\/","name":"Geschenkpackung - Olio biologico, Vendita Olio biologico, E-commerce Olio Biologico - Le Passioni","isPartOf":{"@id":"https:\/\/www.lepassioni.it\/#website"},"primaryImageOfPage":{"@id":"https:\/\/www.lepassioni.it\/de\/produkt\/geschenkpackung\/#primaryimage"},"image":{"@id":"https:\/\/www.lepassioni.it\/de\/produkt\/geschenkpackung\/#primaryimage"},"thumbnailUrl":"https:\/\/www.lepassioni.it\/wp-content\/uploads\/2023\/11\/PhotoRoom_20231029_152652.jpg","datePublished":"2016-11-30T23:00:08+00:00","dateModified":"2021-07-06T12:43:22+00:00","breadcrumb":{"@id":"https:\/\/www.lepassioni.it\/de\/produkt\/geschenkpackung\/#breadcrumb"},"inLanguage":"de","potentialAction":[{"@type":"ReadAction","target":["https:\/\/www.lepassioni.it\/de\/produkt\/geschenkpackung\/"]}]},{"@type":"ImageObject","inLanguage":"de","@id":"https:\/\/www.lepassioni.it\/de\/produkt\/geschenkpackung\/#primaryimage","url":"https:\/\/www.lepassioni.it\/wp-content\/uploads\/2023\/11\/PhotoRoom_20231029_152652.jpg","contentUrl":"https:\/\/www.lepassioni.it\/wp-content\/uploads\/2023\/11\/PhotoRoom_20231029_152652.jpg","width":1308,"height":1308},{"@type":"BreadcrumbList","@id":"https:\/\/www.lepassioni.it\/de\/produkt\/geschenkpackung\/#breadcrumb","itemListElement":[{"@type":"ListItem","position":1,"name":"Home","item":"https:\/\/www.lepassioni.it\/de\/"},{"@type":"ListItem","position":2,"name":"Prodotti","item":"https:\/\/www.lepassioni.it\/shop\/"},{"@type":"ListItem","position":3,"name":"Geschenkpackung"}]},{"@type":"WebSite","@id":"https:\/\/www.lepassioni.it\/#website","url":"https:\/\/www.lepassioni.it\/","name":"Olio biologico, Vendita Olio biologico, E-commerce Olio Biologico - Le Passioni","description":"","potentialAction":[{"@type":"SearchAction","target":{"@type":"EntryPoint","urlTemplate":"https:\/\/www.lepassioni.it\/?s={search_term_string}"},"query-input":{"@type":"PropertyValueSpecification","valueRequired":true,"valueName":"search_term_string"}}],"inLanguage":"de"}]}},"_links":{"self":[{"href":"https:\/\/www.lepassioni.it\/de\/wp-json\/wp\/v2\/product\/2562","targetHints":{"allow":["GET"]}}],"collection":[{"href":"https:\/\/www.lepassioni.it\/de\/wp-json\/wp\/v2\/product"}],"about":[{"href":"https:\/\/www.lepassioni.it\/de\/wp-json\/wp\/v2\/types\/product"}],"replies":[{"embeddable":true,"href":"https:\/\/www.lepassioni.it\/de\/wp-json\/wp\/v2\/comments?post=2562"}],"wp:featuredmedia":[{"embeddable":true,"href":"https:\/\/www.lepassioni.it\/de\/wp-json\/wp\/v2\/media\/4950"}],"wp:attachment":[{"href":"https:\/\/www.lepassioni.it\/de\/wp-json\/wp\/v2\/media?parent=2562"}],"wp:term":[{"taxonomy":"product_cat","embeddable":true,"href":"https:\/\/www.lepassioni.it\/de\/wp-json\/wp\/v2\/product_cat?post=2562"},{"taxonomy":"product_tag","embeddable":true,"href":"https:\/\/www.lepassioni.it\/de\/wp-json\/wp\/v2\/product_tag?post=2562"}],"curies":[{"name":"wp","href":"https:\/\/api.w.org\/{rel}","templated":true}]}}