{"id":2549,"date":"2016-12-01T16:48:52","date_gmt":"2016-12-01T15:48:52","guid":{"rendered":"https:\/\/www.lepassioni.it\/prodotto\/bio-olivenol-la-fincara\/"},"modified":"2021-07-06T14:18:46","modified_gmt":"2021-07-06T12:18:46","slug":"bio-olivenol-la-fincara","status":"publish","type":"product","link":"https:\/\/www.lepassioni.it\/de\/produkt\/bio-olivenol-la-fincara\/","title":{"rendered":"Natives Biologisches Oliven\u00f6l &#8222;La Fincara&#8220; (Flasche 250 ml)"},"content":{"rendered":"<p>Dieses \u00d6l wird ausschlie\u00dflich von Oliven aus unserem Olivenhain \u201eLa Fincara\u201c. Das Wort bezeichnet einen Buchfink. Denn dieser Ort war und ist noch heute ein Ort, wo diese V\u00f6gel durch die reiche Waldvegetation sich sch\u00fctzen.<br \/>\nUnser Unternehmen besteht aus vier Olivenhain, wobei jeder entspricht den Namen der Ortschaft.<br \/>\nWir behaupten unsere Oliven italienisch sind und die kommen nur aus unserem Unternehmen.<br \/>\nWir sind stolz darauf, wir bieten die M\u00f6glichkeit unsere Kunden auch die Art und das Feld des \u00d6ls zu w\u00e4hlen.<br \/>\nDiese Ehre ist m\u00f6glich nur in einem Familienunternehmen wie bei uns<\/p>\n<p><strong>Anbaugebiet:<\/strong>S\u00fcdosten<strong>Extraktionsmethode:<\/strong>durchgehend kaltgepresst mit Dekanter<\/p>\n<table>\n<tbody>\n<tr>\n<td><strong>Jahr:<\/strong><\/td>\n<td>M\u00e4rz 2007<\/td>\n<\/tr>\n<tr>\n<td><strong>Olivensorten:<\/strong><\/td>\n<td>30% Frantoio, 53% Leccino e 17% Grignano<\/td>\n<\/tr>\n<tr>\n<td><strong>Ernte:<\/strong><\/td>\n<td>manuelle Ernte der Oliven<\/td>\n<\/tr>\n<tr>\n<td><strong>Verarbeitung:<\/strong><\/td>\n<td>innerhalb 4 Stunden nach der Ernte<\/td>\n<\/tr>\n<\/tbody>\n<\/table>\n","protected":false},"excerpt":{"rendered":"<p>Dieses \u00d6l wird ausschlie\u00dflich von Oliven aus unserem Olivenhain \u201eLa Fincara\u201c. Das Wort bezeichnet einen Buchfink. Denn dieser Ort war [&hellip;]<\/p>\n","protected":false},"featured_media":4527,"comment_status":"open","ping_status":"closed","template":"","meta":[],"product_cat":[43,47],"product_tag":[],"class_list":{"0":"post-2549","1":"product","2":"type-product","3":"status-publish","4":"has-post-thumbnail","6":"product_cat-oil","7":"product_cat-olivenol","9":"first","10":"instock","11":"taxable","12":"shipping-taxable","13":"purchasable","14":"product-type-simple"},"yoast_head":"<!-- This site is optimized with the Yoast SEO plugin v24.0 - https:\/\/yoast.com\/wordpress\/plugins\/seo\/ -->\n<title>Natives Biologisches Oliven\u00f6l &quot;La Fincara&quot; (Flasche 250 ml) - Olio biologico, Vendita Olio biologico, E-commerce Olio Biologico - Le Passioni<\/title>\n<meta name=\"robots\" content=\"index, follow, max-snippet:-1, max-image-preview:large, max-video-preview:-1\" \/>\n<link rel=\"canonical\" href=\"https:\/\/www.lepassioni.it\/de\/produkt\/bio-olivenol-la-fincara\/\" \/>\n<meta property=\"og:locale\" content=\"de_DE\" \/>\n<meta property=\"og:type\" content=\"article\" \/>\n<meta property=\"og:title\" content=\"Natives Biologisches Oliven\u00f6l &quot;La Fincara&quot; (Flasche 250 ml) - Olio biologico, Vendita Olio biologico, E-commerce Olio Biologico - Le Passioni\" \/>\n<meta property=\"og:description\" content=\"Dieses \u00d6l wird ausschlie\u00dflich von Oliven aus unserem Olivenhain \u201eLa Fincara\u201c. Das Wort bezeichnet einen Buchfink. Denn dieser Ort war [&hellip;]\" \/>\n<meta property=\"og:url\" content=\"https:\/\/www.lepassioni.it\/de\/produkt\/bio-olivenol-la-fincara\/\" \/>\n<meta property=\"og:site_name\" content=\"Olio biologico, Vendita Olio biologico, E-commerce Olio Biologico - Le Passioni\" \/>\n<meta property=\"article:modified_time\" content=\"2021-07-06T12:18:46+00:00\" \/>\n<meta property=\"og:image\" content=\"https:\/\/www.lepassioni.it\/wp-content\/uploads\/2016\/12\/oil250_fincara.jpg\" \/>\n\t<meta property=\"og:image:width\" content=\"640\" \/>\n\t<meta property=\"og:image:height\" content=\"640\" \/>\n\t<meta property=\"og:image:type\" content=\"image\/jpeg\" \/>\n<meta name=\"twitter:card\" content=\"summary_large_image\" \/>\n<meta name=\"twitter:label1\" content=\"Gesch\u00e4tzte Lesezeit\" \/>\n\t<meta name=\"twitter:data1\" content=\"1\u00a0Minute\" \/>\n<script type=\"application\/ld+json\" class=\"yoast-schema-graph\">{\"@context\":\"https:\/\/schema.org\",\"@graph\":[{\"@type\":\"WebPage\",\"@id\":\"https:\/\/www.lepassioni.it\/de\/produkt\/bio-olivenol-la-fincara\/\",\"url\":\"https:\/\/www.lepassioni.it\/de\/produkt\/bio-olivenol-la-fincara\/\",\"name\":\"Natives Biologisches Oliven\u00f6l \\\"La Fincara\\\" (Flasche 250 ml) - Olio biologico, Vendita Olio biologico, E-commerce Olio Biologico - Le Passioni\",\"isPartOf\":{\"@id\":\"https:\/\/www.lepassioni.it\/#website\"},\"primaryImageOfPage\":{\"@id\":\"https:\/\/www.lepassioni.it\/de\/produkt\/bio-olivenol-la-fincara\/#primaryimage\"},\"image\":{\"@id\":\"https:\/\/www.lepassioni.it\/de\/produkt\/bio-olivenol-la-fincara\/#primaryimage\"},\"thumbnailUrl\":\"https:\/\/www.lepassioni.it\/wp-content\/uploads\/2016\/12\/oil250_fincara.jpg\",\"datePublished\":\"2016-12-01T15:48:52+00:00\",\"dateModified\":\"2021-07-06T12:18:46+00:00\",\"breadcrumb\":{\"@id\":\"https:\/\/www.lepassioni.it\/de\/produkt\/bio-olivenol-la-fincara\/#breadcrumb\"},\"inLanguage\":\"de\",\"potentialAction\":[{\"@type\":\"ReadAction\",\"target\":[\"https:\/\/www.lepassioni.it\/de\/produkt\/bio-olivenol-la-fincara\/\"]}]},{\"@type\":\"ImageObject\",\"inLanguage\":\"de\",\"@id\":\"https:\/\/www.lepassioni.it\/de\/produkt\/bio-olivenol-la-fincara\/#primaryimage\",\"url\":\"https:\/\/www.lepassioni.it\/wp-content\/uploads\/2016\/12\/oil250_fincara.jpg\",\"contentUrl\":\"https:\/\/www.lepassioni.it\/wp-content\/uploads\/2016\/12\/oil250_fincara.jpg\",\"width\":640,\"height\":640},{\"@type\":\"BreadcrumbList\",\"@id\":\"https:\/\/www.lepassioni.it\/de\/produkt\/bio-olivenol-la-fincara\/#breadcrumb\",\"itemListElement\":[{\"@type\":\"ListItem\",\"position\":1,\"name\":\"Home\",\"item\":\"https:\/\/www.lepassioni.it\/de\/\"},{\"@type\":\"ListItem\",\"position\":2,\"name\":\"Prodotti\",\"item\":\"https:\/\/www.lepassioni.it\/shop\/\"},{\"@type\":\"ListItem\",\"position\":3,\"name\":\"Natives Biologisches Oliven\u00f6l &#8222;La Fincara&#8220; (Flasche 250 ml)\"}]},{\"@type\":\"WebSite\",\"@id\":\"https:\/\/www.lepassioni.it\/#website\",\"url\":\"https:\/\/www.lepassioni.it\/\",\"name\":\"Olio biologico, Vendita Olio biologico, E-commerce Olio Biologico - Le Passioni\",\"description\":\"\",\"potentialAction\":[{\"@type\":\"SearchAction\",\"target\":{\"@type\":\"EntryPoint\",\"urlTemplate\":\"https:\/\/www.lepassioni.it\/?s={search_term_string}\"},\"query-input\":{\"@type\":\"PropertyValueSpecification\",\"valueRequired\":true,\"valueName\":\"search_term_string\"}}],\"inLanguage\":\"de\"}]}<\/script>\n<!-- \/ Yoast SEO plugin. -->","yoast_head_json":{"title":"Natives Biologisches Oliven\u00f6l \"La Fincara\" (Flasche 250 ml) - Olio biologico, Vendita Olio biologico, E-commerce Olio Biologico - Le Passioni","robots":{"index":"index","follow":"follow","max-snippet":"max-snippet:-1","max-image-preview":"max-image-preview:large","max-video-preview":"max-video-preview:-1"},"canonical":"https:\/\/www.lepassioni.it\/de\/produkt\/bio-olivenol-la-fincara\/","og_locale":"de_DE","og_type":"article","og_title":"Natives Biologisches Oliven\u00f6l \"La Fincara\" (Flasche 250 ml) - Olio biologico, Vendita Olio biologico, E-commerce Olio Biologico - Le Passioni","og_description":"Dieses \u00d6l wird ausschlie\u00dflich von Oliven aus unserem Olivenhain \u201eLa Fincara\u201c. Das Wort bezeichnet einen Buchfink. Denn dieser Ort war [&hellip;]","og_url":"https:\/\/www.lepassioni.it\/de\/produkt\/bio-olivenol-la-fincara\/","og_site_name":"Olio biologico, Vendita Olio biologico, E-commerce Olio Biologico - Le Passioni","article_modified_time":"2021-07-06T12:18:46+00:00","og_image":[{"width":640,"height":640,"url":"https:\/\/www.lepassioni.it\/wp-content\/uploads\/2016\/12\/oil250_fincara.jpg","type":"image\/jpeg"}],"twitter_card":"summary_large_image","twitter_misc":{"Gesch\u00e4tzte Lesezeit":"1\u00a0Minute"},"schema":{"@context":"https:\/\/schema.org","@graph":[{"@type":"WebPage","@id":"https:\/\/www.lepassioni.it\/de\/produkt\/bio-olivenol-la-fincara\/","url":"https:\/\/www.lepassioni.it\/de\/produkt\/bio-olivenol-la-fincara\/","name":"Natives Biologisches Oliven\u00f6l \"La Fincara\" (Flasche 250 ml) - Olio biologico, Vendita Olio biologico, E-commerce Olio Biologico - Le Passioni","isPartOf":{"@id":"https:\/\/www.lepassioni.it\/#website"},"primaryImageOfPage":{"@id":"https:\/\/www.lepassioni.it\/de\/produkt\/bio-olivenol-la-fincara\/#primaryimage"},"image":{"@id":"https:\/\/www.lepassioni.it\/de\/produkt\/bio-olivenol-la-fincara\/#primaryimage"},"thumbnailUrl":"https:\/\/www.lepassioni.it\/wp-content\/uploads\/2016\/12\/oil250_fincara.jpg","datePublished":"2016-12-01T15:48:52+00:00","dateModified":"2021-07-06T12:18:46+00:00","breadcrumb":{"@id":"https:\/\/www.lepassioni.it\/de\/produkt\/bio-olivenol-la-fincara\/#breadcrumb"},"inLanguage":"de","potentialAction":[{"@type":"ReadAction","target":["https:\/\/www.lepassioni.it\/de\/produkt\/bio-olivenol-la-fincara\/"]}]},{"@type":"ImageObject","inLanguage":"de","@id":"https:\/\/www.lepassioni.it\/de\/produkt\/bio-olivenol-la-fincara\/#primaryimage","url":"https:\/\/www.lepassioni.it\/wp-content\/uploads\/2016\/12\/oil250_fincara.jpg","contentUrl":"https:\/\/www.lepassioni.it\/wp-content\/uploads\/2016\/12\/oil250_fincara.jpg","width":640,"height":640},{"@type":"BreadcrumbList","@id":"https:\/\/www.lepassioni.it\/de\/produkt\/bio-olivenol-la-fincara\/#breadcrumb","itemListElement":[{"@type":"ListItem","position":1,"name":"Home","item":"https:\/\/www.lepassioni.it\/de\/"},{"@type":"ListItem","position":2,"name":"Prodotti","item":"https:\/\/www.lepassioni.it\/shop\/"},{"@type":"ListItem","position":3,"name":"Natives Biologisches Oliven\u00f6l &#8222;La Fincara&#8220; (Flasche 250 ml)"}]},{"@type":"WebSite","@id":"https:\/\/www.lepassioni.it\/#website","url":"https:\/\/www.lepassioni.it\/","name":"Olio biologico, Vendita Olio biologico, E-commerce Olio Biologico - Le Passioni","description":"","potentialAction":[{"@type":"SearchAction","target":{"@type":"EntryPoint","urlTemplate":"https:\/\/www.lepassioni.it\/?s={search_term_string}"},"query-input":{"@type":"PropertyValueSpecification","valueRequired":true,"valueName":"search_term_string"}}],"inLanguage":"de"}]}},"_links":{"self":[{"href":"https:\/\/www.lepassioni.it\/de\/wp-json\/wp\/v2\/product\/2549","targetHints":{"allow":["GET"]}}],"collection":[{"href":"https:\/\/www.lepassioni.it\/de\/wp-json\/wp\/v2\/product"}],"about":[{"href":"https:\/\/www.lepassioni.it\/de\/wp-json\/wp\/v2\/types\/product"}],"replies":[{"embeddable":true,"href":"https:\/\/www.lepassioni.it\/de\/wp-json\/wp\/v2\/comments?post=2549"}],"wp:featuredmedia":[{"embeddable":true,"href":"https:\/\/www.lepassioni.it\/de\/wp-json\/wp\/v2\/media\/4527"}],"wp:attachment":[{"href":"https:\/\/www.lepassioni.it\/de\/wp-json\/wp\/v2\/media?parent=2549"}],"wp:term":[{"taxonomy":"product_cat","embeddable":true,"href":"https:\/\/www.lepassioni.it\/de\/wp-json\/wp\/v2\/product_cat?post=2549"},{"taxonomy":"product_tag","embeddable":true,"href":"https:\/\/www.lepassioni.it\/de\/wp-json\/wp\/v2\/product_tag?post=2549"}],"curies":[{"name":"wp","href":"https:\/\/api.w.org\/{rel}","templated":true}]}}