{"id":2546,"date":"2016-12-01T16:56:24","date_gmt":"2016-12-01T15:56:24","guid":{"rendered":"https:\/\/www.lepassioni.it\/prodotto\/bio-olivenol-la-fontana\/"},"modified":"2021-07-06T14:13:34","modified_gmt":"2021-07-06T12:13:34","slug":"bio-olivenol-la-fontana","status":"publish","type":"product","link":"https:\/\/www.lepassioni.it\/de\/produkt\/bio-olivenol-la-fontana\/","title":{"rendered":"Natives Oliven\u00f6l extra Vergine &#8222;La Fontana&#8220; (Flasche 250 ml)"},"content":{"rendered":"<p>Dieses \u00d6l wird ausschlie\u00dflich von Oliven aus unserem Olivenhain \u201eLa Fontana.<br \/>\nEs gab an diesem Ort einen Brunnen, und die war in fruhrigen Jahren haupts\u00e4chlich eine Wasserquelle, um das Land zu bew\u00e4ssern.<br \/>\nDieser Olivenhain ist heute vom einem Wald mit Kastanien und Akazienb\u00e4umen umgerungen.<br \/>\nUnser Unternehmen besteht aus vier Olivenhain, wobei jeder entspricht den Namen der Ortschaft.<br \/>\nWir behaupten unsere Oliven italienisch sind und die kommen nur aus unserem Unternehmen.<br \/>\nWir sind stolz darauf, wir bieten die M\u00f6glichkeit unsere Kunden auch die Art und das Feld des \u00d6ls zu w\u00e4hlen.<br \/>\nDiese Ehre ist m\u00f6glich nur in einem Familienunternehmen wie bei uns.<\/p>\n<p><strong>Anbaugebiet:<\/strong>S\u00fcdosten<strong>Extraktionsmethode:<\/strong>durchgehend kaltgepresst mit Dekanter<\/p>\n<table>\n<tbody>\n<tr>\n<td><strong>Jahr:<\/strong><\/td>\n<td>M\u00e4rz 2007<\/td>\n<\/tr>\n<tr>\n<td><strong>Olivensorten:<\/strong><\/td>\n<td>35% Frantoio, 25% Leccino, 28% Grignano e 12% Favarol<\/td>\n<\/tr>\n<tr>\n<td><strong>Ernte:<\/strong><\/td>\n<td>manuelle Ernte der Oliven<\/td>\n<\/tr>\n<tr>\n<td><strong>Verarbeitung:<\/strong><\/td>\n<td>innerhalb 4 Stunden nach der Ernte<\/td>\n<\/tr>\n<\/tbody>\n<\/table>\n<p>Jahr: M\u00e4rz 2007<br \/>\nAnbaugebiet: s\u00fcd<br \/>\nOlivensorten: 30% Frantoio, 39% Leccino, 23% Grignano, 8% Favarol<br \/>\nErnte: manuelle Ernte der Oliven<br \/>\nVerarbeitung: innerhalb 4 Stunden nach der Ernte<br \/>\nExtraktionsmethode: durchgehend kaltgepresst mit Dekanter<\/p>\n","protected":false},"excerpt":{"rendered":"<p>Dieses \u00d6l wird ausschlie\u00dflich von Oliven aus unserem Olivenhain \u201eLa Fontana. Es gab an diesem Ort einen Brunnen, und die [&hellip;]<\/p>\n","protected":false},"featured_media":4525,"comment_status":"open","ping_status":"closed","template":"","meta":[],"product_cat":[43,47],"product_tag":[],"class_list":{"0":"post-2546","1":"product","2":"type-product","3":"status-publish","4":"has-post-thumbnail","6":"product_cat-oil","7":"product_cat-olivenol","9":"first","10":"instock","11":"taxable","12":"shipping-taxable","13":"purchasable","14":"product-type-simple"},"yoast_head":"<!-- This site is optimized with the Yoast SEO plugin v24.0 - https:\/\/yoast.com\/wordpress\/plugins\/seo\/ -->\n<title>Natives Oliven\u00f6l extra Vergine &quot;La Fontana&quot; (Flasche 250 ml) - Olio biologico, Vendita Olio biologico, E-commerce Olio Biologico - Le Passioni<\/title>\n<meta name=\"robots\" content=\"index, follow, max-snippet:-1, max-image-preview:large, max-video-preview:-1\" \/>\n<link rel=\"canonical\" href=\"https:\/\/www.lepassioni.it\/de\/produkt\/bio-olivenol-la-fontana\/\" \/>\n<meta property=\"og:locale\" content=\"de_DE\" \/>\n<meta property=\"og:type\" content=\"article\" \/>\n<meta property=\"og:title\" content=\"Natives Oliven\u00f6l extra Vergine &quot;La Fontana&quot; (Flasche 250 ml) - Olio biologico, Vendita Olio biologico, E-commerce Olio Biologico - Le Passioni\" \/>\n<meta property=\"og:description\" content=\"Dieses \u00d6l wird ausschlie\u00dflich von Oliven aus unserem Olivenhain \u201eLa Fontana. Es gab an diesem Ort einen Brunnen, und die [&hellip;]\" \/>\n<meta property=\"og:url\" content=\"https:\/\/www.lepassioni.it\/de\/produkt\/bio-olivenol-la-fontana\/\" \/>\n<meta property=\"og:site_name\" content=\"Olio biologico, Vendita Olio biologico, E-commerce Olio Biologico - Le Passioni\" \/>\n<meta property=\"article:modified_time\" content=\"2021-07-06T12:13:34+00:00\" \/>\n<meta property=\"og:image\" content=\"https:\/\/www.lepassioni.it\/wp-content\/uploads\/2016\/12\/oil250_fontana.jpg\" \/>\n\t<meta property=\"og:image:width\" content=\"640\" \/>\n\t<meta property=\"og:image:height\" content=\"640\" \/>\n\t<meta property=\"og:image:type\" content=\"image\/jpeg\" \/>\n<meta name=\"twitter:card\" content=\"summary_large_image\" \/>\n<meta name=\"twitter:label1\" content=\"Gesch\u00e4tzte Lesezeit\" \/>\n\t<meta name=\"twitter:data1\" content=\"1\u00a0Minute\" \/>\n<script type=\"application\/ld+json\" class=\"yoast-schema-graph\">{\"@context\":\"https:\/\/schema.org\",\"@graph\":[{\"@type\":\"WebPage\",\"@id\":\"https:\/\/www.lepassioni.it\/de\/produkt\/bio-olivenol-la-fontana\/\",\"url\":\"https:\/\/www.lepassioni.it\/de\/produkt\/bio-olivenol-la-fontana\/\",\"name\":\"Natives Oliven\u00f6l extra Vergine \\\"La Fontana\\\" (Flasche 250 ml) - Olio biologico, Vendita Olio biologico, E-commerce Olio Biologico - Le Passioni\",\"isPartOf\":{\"@id\":\"https:\/\/www.lepassioni.it\/#website\"},\"primaryImageOfPage\":{\"@id\":\"https:\/\/www.lepassioni.it\/de\/produkt\/bio-olivenol-la-fontana\/#primaryimage\"},\"image\":{\"@id\":\"https:\/\/www.lepassioni.it\/de\/produkt\/bio-olivenol-la-fontana\/#primaryimage\"},\"thumbnailUrl\":\"https:\/\/www.lepassioni.it\/wp-content\/uploads\/2016\/12\/oil250_fontana.jpg\",\"datePublished\":\"2016-12-01T15:56:24+00:00\",\"dateModified\":\"2021-07-06T12:13:34+00:00\",\"breadcrumb\":{\"@id\":\"https:\/\/www.lepassioni.it\/de\/produkt\/bio-olivenol-la-fontana\/#breadcrumb\"},\"inLanguage\":\"de\",\"potentialAction\":[{\"@type\":\"ReadAction\",\"target\":[\"https:\/\/www.lepassioni.it\/de\/produkt\/bio-olivenol-la-fontana\/\"]}]},{\"@type\":\"ImageObject\",\"inLanguage\":\"de\",\"@id\":\"https:\/\/www.lepassioni.it\/de\/produkt\/bio-olivenol-la-fontana\/#primaryimage\",\"url\":\"https:\/\/www.lepassioni.it\/wp-content\/uploads\/2016\/12\/oil250_fontana.jpg\",\"contentUrl\":\"https:\/\/www.lepassioni.it\/wp-content\/uploads\/2016\/12\/oil250_fontana.jpg\",\"width\":640,\"height\":640},{\"@type\":\"BreadcrumbList\",\"@id\":\"https:\/\/www.lepassioni.it\/de\/produkt\/bio-olivenol-la-fontana\/#breadcrumb\",\"itemListElement\":[{\"@type\":\"ListItem\",\"position\":1,\"name\":\"Home\",\"item\":\"https:\/\/www.lepassioni.it\/de\/\"},{\"@type\":\"ListItem\",\"position\":2,\"name\":\"Prodotti\",\"item\":\"https:\/\/www.lepassioni.it\/shop\/\"},{\"@type\":\"ListItem\",\"position\":3,\"name\":\"Natives Oliven\u00f6l extra Vergine &#8222;La Fontana&#8220; (Flasche 250 ml)\"}]},{\"@type\":\"WebSite\",\"@id\":\"https:\/\/www.lepassioni.it\/#website\",\"url\":\"https:\/\/www.lepassioni.it\/\",\"name\":\"Olio biologico, Vendita Olio biologico, E-commerce Olio Biologico - Le Passioni\",\"description\":\"\",\"potentialAction\":[{\"@type\":\"SearchAction\",\"target\":{\"@type\":\"EntryPoint\",\"urlTemplate\":\"https:\/\/www.lepassioni.it\/?s={search_term_string}\"},\"query-input\":{\"@type\":\"PropertyValueSpecification\",\"valueRequired\":true,\"valueName\":\"search_term_string\"}}],\"inLanguage\":\"de\"}]}<\/script>\n<!-- \/ Yoast SEO plugin. -->","yoast_head_json":{"title":"Natives Oliven\u00f6l extra Vergine \"La Fontana\" (Flasche 250 ml) - Olio biologico, Vendita Olio biologico, E-commerce Olio Biologico - Le Passioni","robots":{"index":"index","follow":"follow","max-snippet":"max-snippet:-1","max-image-preview":"max-image-preview:large","max-video-preview":"max-video-preview:-1"},"canonical":"https:\/\/www.lepassioni.it\/de\/produkt\/bio-olivenol-la-fontana\/","og_locale":"de_DE","og_type":"article","og_title":"Natives Oliven\u00f6l extra Vergine \"La Fontana\" (Flasche 250 ml) - Olio biologico, Vendita Olio biologico, E-commerce Olio Biologico - Le Passioni","og_description":"Dieses \u00d6l wird ausschlie\u00dflich von Oliven aus unserem Olivenhain \u201eLa Fontana. Es gab an diesem Ort einen Brunnen, und die [&hellip;]","og_url":"https:\/\/www.lepassioni.it\/de\/produkt\/bio-olivenol-la-fontana\/","og_site_name":"Olio biologico, Vendita Olio biologico, E-commerce Olio Biologico - Le Passioni","article_modified_time":"2021-07-06T12:13:34+00:00","og_image":[{"width":640,"height":640,"url":"https:\/\/www.lepassioni.it\/wp-content\/uploads\/2016\/12\/oil250_fontana.jpg","type":"image\/jpeg"}],"twitter_card":"summary_large_image","twitter_misc":{"Gesch\u00e4tzte Lesezeit":"1\u00a0Minute"},"schema":{"@context":"https:\/\/schema.org","@graph":[{"@type":"WebPage","@id":"https:\/\/www.lepassioni.it\/de\/produkt\/bio-olivenol-la-fontana\/","url":"https:\/\/www.lepassioni.it\/de\/produkt\/bio-olivenol-la-fontana\/","name":"Natives Oliven\u00f6l extra Vergine \"La Fontana\" (Flasche 250 ml) - Olio biologico, Vendita Olio biologico, E-commerce Olio Biologico - Le Passioni","isPartOf":{"@id":"https:\/\/www.lepassioni.it\/#website"},"primaryImageOfPage":{"@id":"https:\/\/www.lepassioni.it\/de\/produkt\/bio-olivenol-la-fontana\/#primaryimage"},"image":{"@id":"https:\/\/www.lepassioni.it\/de\/produkt\/bio-olivenol-la-fontana\/#primaryimage"},"thumbnailUrl":"https:\/\/www.lepassioni.it\/wp-content\/uploads\/2016\/12\/oil250_fontana.jpg","datePublished":"2016-12-01T15:56:24+00:00","dateModified":"2021-07-06T12:13:34+00:00","breadcrumb":{"@id":"https:\/\/www.lepassioni.it\/de\/produkt\/bio-olivenol-la-fontana\/#breadcrumb"},"inLanguage":"de","potentialAction":[{"@type":"ReadAction","target":["https:\/\/www.lepassioni.it\/de\/produkt\/bio-olivenol-la-fontana\/"]}]},{"@type":"ImageObject","inLanguage":"de","@id":"https:\/\/www.lepassioni.it\/de\/produkt\/bio-olivenol-la-fontana\/#primaryimage","url":"https:\/\/www.lepassioni.it\/wp-content\/uploads\/2016\/12\/oil250_fontana.jpg","contentUrl":"https:\/\/www.lepassioni.it\/wp-content\/uploads\/2016\/12\/oil250_fontana.jpg","width":640,"height":640},{"@type":"BreadcrumbList","@id":"https:\/\/www.lepassioni.it\/de\/produkt\/bio-olivenol-la-fontana\/#breadcrumb","itemListElement":[{"@type":"ListItem","position":1,"name":"Home","item":"https:\/\/www.lepassioni.it\/de\/"},{"@type":"ListItem","position":2,"name":"Prodotti","item":"https:\/\/www.lepassioni.it\/shop\/"},{"@type":"ListItem","position":3,"name":"Natives Oliven\u00f6l extra Vergine &#8222;La Fontana&#8220; (Flasche 250 ml)"}]},{"@type":"WebSite","@id":"https:\/\/www.lepassioni.it\/#website","url":"https:\/\/www.lepassioni.it\/","name":"Olio biologico, Vendita Olio biologico, E-commerce Olio Biologico - Le Passioni","description":"","potentialAction":[{"@type":"SearchAction","target":{"@type":"EntryPoint","urlTemplate":"https:\/\/www.lepassioni.it\/?s={search_term_string}"},"query-input":{"@type":"PropertyValueSpecification","valueRequired":true,"valueName":"search_term_string"}}],"inLanguage":"de"}]}},"_links":{"self":[{"href":"https:\/\/www.lepassioni.it\/de\/wp-json\/wp\/v2\/product\/2546","targetHints":{"allow":["GET"]}}],"collection":[{"href":"https:\/\/www.lepassioni.it\/de\/wp-json\/wp\/v2\/product"}],"about":[{"href":"https:\/\/www.lepassioni.it\/de\/wp-json\/wp\/v2\/types\/product"}],"replies":[{"embeddable":true,"href":"https:\/\/www.lepassioni.it\/de\/wp-json\/wp\/v2\/comments?post=2546"}],"wp:featuredmedia":[{"embeddable":true,"href":"https:\/\/www.lepassioni.it\/de\/wp-json\/wp\/v2\/media\/4525"}],"wp:attachment":[{"href":"https:\/\/www.lepassioni.it\/de\/wp-json\/wp\/v2\/media?parent=2546"}],"wp:term":[{"taxonomy":"product_cat","embeddable":true,"href":"https:\/\/www.lepassioni.it\/de\/wp-json\/wp\/v2\/product_cat?post=2546"},{"taxonomy":"product_tag","embeddable":true,"href":"https:\/\/www.lepassioni.it\/de\/wp-json\/wp\/v2\/product_tag?post=2546"}],"curies":[{"name":"wp","href":"https:\/\/api.w.org\/{rel}","templated":true}]}}