{"id":4641,"date":"2021-07-12T18:07:11","date_gmt":"2021-07-12T16:07:11","guid":{"rendered":"https:\/\/demo2.infovi.digital\/passioni\/restituzioni-e-rimborsi\/"},"modified":"2021-07-12T18:07:12","modified_gmt":"2021-07-12T16:07:12","slug":"restituzioni-e-rimborsi","status":"publish","type":"page","link":"https:\/\/www.lepassioni.it\/de\/restituzioni-e-rimborsi\/","title":{"rendered":"Restituzioni e Rimborsi"},"content":{"rendered":"<div class=\"wpb-content-wrapper\"><p>[vc_row][vc_column width=&#8220;2\/3&#8243;][vc_column_text]<\/p>\n<h3>Restituzioni e Rimborsi<\/h3>\n<p>[\/vc_column_text][vc_column_text]Il Diritto di recesso \u00e8 escluso ai sensi dell\u2019art. 59 d.lgs 21\/2014.<br \/>\nGli extravergini di oliva, sono prodotti che rientrano nella categoria di &#8222;beni sigillati che non si prestano ad essere restituiti per motivi igienici o connessi alla protezione della salute e sono stati aperti dopo la consegna, in quanto la caratteristiche e le qualit\u00e0 di tali tipi di prodotti sono soggetti ad alterazione anche in conseguenza di una conservazione non appropriata&#8220;. Pertanto:<\/p>\n<p>[\/vc_column_text][vc_column_text css=&#8220;.vc_custom_1490009954671{border-top-width: 1px !important;border-right-width: 1px !important;border-bottom-width: 1px !important;border-left-width: 1px !important;padding-top: 30px !important;padding-right: 30px !important;padding-bottom: 30px !important;padding-left: 30px !important;border-left-color: #67742d !important;border-left-style: solid !important;border-right-color: #67742d !important;border-right-style: solid !important;border-top-color: #67742d !important;border-top-style: solid !important;border-bottom-color: #67742d !important;border-bottom-style: solid !important;}&#8220;]<\/p>\n<p style=\"margin: 0;\">NON \u00e8 possibile esercitare il recesso, sostituzioni, rimborsi o la restituzione dei nostri prodotti.<\/p>\n<p>[\/vc_column_text][vc_column_text]<strong>In caso di difetto di un prodotto<\/strong> ti invitiamo a verificare lo stato del pacco e dei prodotti al momento della consegna dell&#8217;ordine.<\/p>\n<p>[\/vc_column_text][vc_column_text]<\/p>\n<p><strong>In caso di anomalie del pacco<\/strong> (pacco danneggiato o aperto, traccia di liquido, etc.) e\/o dei prodotti ordinati (prodotti mancanti, difettosi o danneggiati), ti invitiamo a contattarci al pi\u00f9 presto, preferibilmente <a href=\"https:\/\/www.lepassioni.it\/contatti\/?info=Segnalazione di anomalie nella merce acquistata\">compilando l&#8217;apposito modulo disponibile sul Sito Web<\/a>, o contattando il nostro Servizio Clienti al numero +39 0444 1770264 Da Luned\u00ec a Venerd\u00ec dalle 9:00 alle 13:00 e dalle 14:00 alle 18:00, e il Sabato dalle 9:00 alle 13:00. Il Servizio non \u00e8 disponibile di domenica e in occasione delle festivit\u00e0 in Italia.<\/p>\n<p>[\/vc_column_text][\/vc_column][vc_column width=&#8220;1\/3&#8243;][\/vc_column][\/vc_row]<\/p>\n<\/div>","protected":false},"excerpt":{"rendered":"<p>[vc_row][vc_column width=&#8220;2\/3&#8243;][vc_column_text] Restituzioni e Rimborsi [\/vc_column_text][vc_column_text]Il Diritto di recesso \u00e8 escluso ai sensi dell\u2019art. 59 d.lgs 21\/2014. Gli extravergini di [&hellip;]<\/p>\n","protected":false},"author":2,"featured_media":0,"parent":0,"menu_order":0,"comment_status":"closed","ping_status":"closed","template":"","meta":{"footnotes":""},"class_list":["post-4641","page","type-page","status-publish","hentry"],"yoast_head":"<!-- This site is optimized with the Yoast SEO plugin v24.0 - https:\/\/yoast.com\/wordpress\/plugins\/seo\/ -->\n<title>Restituzioni e Rimborsi - Olio biologico, Vendita Olio biologico, E-commerce Olio Biologico - Le Passioni<\/title>\n<meta name=\"robots\" content=\"index, follow, max-snippet:-1, max-image-preview:large, max-video-preview:-1\" \/>\n<link rel=\"canonical\" href=\"https:\/\/www.lepassioni.it\/de\/restituzioni-e-rimborsi\/\" \/>\n<meta property=\"og:locale\" content=\"de_DE\" \/>\n<meta property=\"og:type\" content=\"article\" \/>\n<meta property=\"og:title\" content=\"Restituzioni e Rimborsi - Olio biologico, Vendita Olio biologico, E-commerce Olio Biologico - Le Passioni\" \/>\n<meta property=\"og:description\" content=\"[vc_row][vc_column width=&#8220;2\/3&#8243;][vc_column_text] Restituzioni e Rimborsi [\/vc_column_text][vc_column_text]Il Diritto di recesso \u00e8 escluso ai sensi dell\u2019art. 59 d.lgs 21\/2014. Gli extravergini di [&hellip;]\" \/>\n<meta property=\"og:url\" content=\"https:\/\/www.lepassioni.it\/de\/restituzioni-e-rimborsi\/\" \/>\n<meta property=\"og:site_name\" content=\"Olio biologico, Vendita Olio biologico, E-commerce Olio Biologico - Le Passioni\" \/>\n<meta property=\"article:modified_time\" content=\"2021-07-12T16:07:12+00:00\" \/>\n<meta name=\"twitter:card\" content=\"summary_large_image\" \/>\n<meta name=\"twitter:label1\" content=\"Gesch\u00e4tzte Lesezeit\" \/>\n\t<meta name=\"twitter:data1\" content=\"1\u00a0Minute\" \/>\n<script type=\"application\/ld+json\" class=\"yoast-schema-graph\">{\"@context\":\"https:\/\/schema.org\",\"@graph\":[{\"@type\":\"WebPage\",\"@id\":\"https:\/\/www.lepassioni.it\/de\/restituzioni-e-rimborsi\/\",\"url\":\"https:\/\/www.lepassioni.it\/de\/restituzioni-e-rimborsi\/\",\"name\":\"Restituzioni e Rimborsi - Olio biologico, Vendita Olio biologico, E-commerce Olio Biologico - Le Passioni\",\"isPartOf\":{\"@id\":\"https:\/\/www.lepassioni.it\/#website\"},\"datePublished\":\"2021-07-12T16:07:11+00:00\",\"dateModified\":\"2021-07-12T16:07:12+00:00\",\"breadcrumb\":{\"@id\":\"https:\/\/www.lepassioni.it\/de\/restituzioni-e-rimborsi\/#breadcrumb\"},\"inLanguage\":\"de\",\"potentialAction\":[{\"@type\":\"ReadAction\",\"target\":[\"https:\/\/www.lepassioni.it\/de\/restituzioni-e-rimborsi\/\"]}]},{\"@type\":\"BreadcrumbList\",\"@id\":\"https:\/\/www.lepassioni.it\/de\/restituzioni-e-rimborsi\/#breadcrumb\",\"itemListElement\":[{\"@type\":\"ListItem\",\"position\":1,\"name\":\"Home\",\"item\":\"https:\/\/www.lepassioni.it\/de\/\"},{\"@type\":\"ListItem\",\"position\":2,\"name\":\"Restituzioni e Rimborsi\"}]},{\"@type\":\"WebSite\",\"@id\":\"https:\/\/www.lepassioni.it\/#website\",\"url\":\"https:\/\/www.lepassioni.it\/\",\"name\":\"Olio biologico, Vendita Olio biologico, E-commerce Olio Biologico - Le Passioni\",\"description\":\"\",\"potentialAction\":[{\"@type\":\"SearchAction\",\"target\":{\"@type\":\"EntryPoint\",\"urlTemplate\":\"https:\/\/www.lepassioni.it\/?s={search_term_string}\"},\"query-input\":{\"@type\":\"PropertyValueSpecification\",\"valueRequired\":true,\"valueName\":\"search_term_string\"}}],\"inLanguage\":\"de\"}]}<\/script>\n<!-- \/ Yoast SEO plugin. -->","yoast_head_json":{"title":"Restituzioni e Rimborsi - Olio biologico, Vendita Olio biologico, E-commerce Olio Biologico - Le Passioni","robots":{"index":"index","follow":"follow","max-snippet":"max-snippet:-1","max-image-preview":"max-image-preview:large","max-video-preview":"max-video-preview:-1"},"canonical":"https:\/\/www.lepassioni.it\/de\/restituzioni-e-rimborsi\/","og_locale":"de_DE","og_type":"article","og_title":"Restituzioni e Rimborsi - Olio biologico, Vendita Olio biologico, E-commerce Olio Biologico - Le Passioni","og_description":"[vc_row][vc_column width=&#8220;2\/3&#8243;][vc_column_text] Restituzioni e Rimborsi [\/vc_column_text][vc_column_text]Il Diritto di recesso \u00e8 escluso ai sensi dell\u2019art. 59 d.lgs 21\/2014. Gli extravergini di [&hellip;]","og_url":"https:\/\/www.lepassioni.it\/de\/restituzioni-e-rimborsi\/","og_site_name":"Olio biologico, Vendita Olio biologico, E-commerce Olio Biologico - Le Passioni","article_modified_time":"2021-07-12T16:07:12+00:00","twitter_card":"summary_large_image","twitter_misc":{"Gesch\u00e4tzte Lesezeit":"1\u00a0Minute"},"schema":{"@context":"https:\/\/schema.org","@graph":[{"@type":"WebPage","@id":"https:\/\/www.lepassioni.it\/de\/restituzioni-e-rimborsi\/","url":"https:\/\/www.lepassioni.it\/de\/restituzioni-e-rimborsi\/","name":"Restituzioni e Rimborsi - Olio biologico, Vendita Olio biologico, E-commerce Olio Biologico - Le Passioni","isPartOf":{"@id":"https:\/\/www.lepassioni.it\/#website"},"datePublished":"2021-07-12T16:07:11+00:00","dateModified":"2021-07-12T16:07:12+00:00","breadcrumb":{"@id":"https:\/\/www.lepassioni.it\/de\/restituzioni-e-rimborsi\/#breadcrumb"},"inLanguage":"de","potentialAction":[{"@type":"ReadAction","target":["https:\/\/www.lepassioni.it\/de\/restituzioni-e-rimborsi\/"]}]},{"@type":"BreadcrumbList","@id":"https:\/\/www.lepassioni.it\/de\/restituzioni-e-rimborsi\/#breadcrumb","itemListElement":[{"@type":"ListItem","position":1,"name":"Home","item":"https:\/\/www.lepassioni.it\/de\/"},{"@type":"ListItem","position":2,"name":"Restituzioni e Rimborsi"}]},{"@type":"WebSite","@id":"https:\/\/www.lepassioni.it\/#website","url":"https:\/\/www.lepassioni.it\/","name":"Olio biologico, Vendita Olio biologico, E-commerce Olio Biologico - Le Passioni","description":"","potentialAction":[{"@type":"SearchAction","target":{"@type":"EntryPoint","urlTemplate":"https:\/\/www.lepassioni.it\/?s={search_term_string}"},"query-input":{"@type":"PropertyValueSpecification","valueRequired":true,"valueName":"search_term_string"}}],"inLanguage":"de"}]}},"_links":{"self":[{"href":"https:\/\/www.lepassioni.it\/de\/wp-json\/wp\/v2\/pages\/4641","targetHints":{"allow":["GET"]}}],"collection":[{"href":"https:\/\/www.lepassioni.it\/de\/wp-json\/wp\/v2\/pages"}],"about":[{"href":"https:\/\/www.lepassioni.it\/de\/wp-json\/wp\/v2\/types\/page"}],"author":[{"embeddable":true,"href":"https:\/\/www.lepassioni.it\/de\/wp-json\/wp\/v2\/users\/2"}],"replies":[{"embeddable":true,"href":"https:\/\/www.lepassioni.it\/de\/wp-json\/wp\/v2\/comments?post=4641"}],"version-history":[{"count":1,"href":"https:\/\/www.lepassioni.it\/de\/wp-json\/wp\/v2\/pages\/4641\/revisions"}],"predecessor-version":[{"id":4642,"href":"https:\/\/www.lepassioni.it\/de\/wp-json\/wp\/v2\/pages\/4641\/revisions\/4642"}],"wp:attachment":[{"href":"https:\/\/www.lepassioni.it\/de\/wp-json\/wp\/v2\/media?parent=4641"}],"curies":[{"name":"wp","href":"https:\/\/api.w.org\/{rel}","templated":true}]}}